{"id":11624,"date":"2023-01-11T16:02:29","date_gmt":"2023-01-11T22:02:29","guid":{"rendered":"https:\/\/www.chocolatestheocr.com\/?post_type=product&#038;p=11624"},"modified":"2023-01-11T16:02:29","modified_gmt":"2023-01-11T22:02:29","slug":"breakable-heart-personalizable","status":"publish","type":"product","link":"https:\/\/www.chocolatestheocr.com\/en\/shop\/chocolates\/breakable-hearts\/breakable-heart-personalizable\/","title":{"rendered":"Breakable Heart Personalizable*"},"content":{"rendered":"<p>Breakable Heart Personalizable*<\/p>\n<p>Breakable Heart con mensaje personalizable*<\/p>\n<p>El coraz\u00f3n se puede romper con el martillo de madera que viene en la caja y adentro encontrar\u00e1 un surtido de gomitas y marshmallows<\/p>\n<p>*Precio con 9 letras; Despu\u00e9s cada letra cuesta 200 colones adicionales<\/p>","protected":false},"excerpt":{"rendered":"<p>Breakable Heart Personalizable* Breakable Heart con mensaje personalizable* El coraz\u00f3n se puede romper con el martillo de madera que viene en la caja y adentro encontrar\u00e1 un surtido de gomitas y marshmallows *Precio con 9 letras; Despu\u00e9s cada letra cuesta 200 colones adicionales<\/p>","protected":false},"featured_media":11625,"template":"","meta":[],"product_brand":[361],"product_cat":[452,41],"product_tag":[555,351,264],"class_list":{"0":"post-11624","1":"product","2":"type-product","3":"status-publish","4":"has-post-thumbnail","6":"product_brand-chocolates-theo","7":"product_cat-breakable-hearts","8":"product_cat-all","9":"product_tag-breakable-heart","10":"product_tag-personalizable","11":"product_tag-personalizado","13":"first","14":"instock","15":"shipping-taxable","16":"purchasable","17":"product-type-simple"},"yoast_head":"<!-- This site is optimized with the Yoast SEO plugin v27.3 - https:\/\/yoast.com\/product\/yoast-seo-wordpress\/ -->\n<title>Breakable Heart Personalizable* \/ Chocolate coraz\u00f3n para romper<\/title>\n<meta name=\"description\" content=\"Breakable Heart Personalizable* Breakable Heart con mensaje personalizable* El coraz\u00f3n se puede romper con el martillo de madera que viene en la caja y \/ Theo\" \/>\n<meta name=\"robots\" content=\"index, follow, max-snippet:-1, max-image-preview:large, max-video-preview:-1\" \/>\n<link rel=\"canonical\" href=\"https:\/\/www.chocolatestheocr.com\/en\/shop\/chocolates\/breakable-hearts\/breakable-heart-personalizable\/\" \/>\n<meta property=\"og:locale\" content=\"en_US\" \/>\n<meta property=\"og:type\" content=\"article\" \/>\n<meta property=\"og:title\" content=\"Breakable Heart Personalizable* \/ Chocolate coraz\u00f3n para romper\" \/>\n<meta property=\"og:description\" content=\"Breakable Heart Personalizable* Breakable Heart con mensaje personalizable* El coraz\u00f3n se puede romper con el martillo de madera que viene en la caja y \/ Theo\" \/>\n<meta property=\"og:url\" content=\"https:\/\/www.chocolatestheocr.com\/en\/shop\/chocolates\/breakable-hearts\/breakable-heart-personalizable\/\" \/>\n<meta property=\"og:site_name\" content=\"Chocolates Theo\" \/>\n<meta property=\"article:publisher\" content=\"https:\/\/www.facebook.com\/chocolatestheocr\" \/>\n<meta property=\"og:image\" content=\"https:\/\/www.chocolatestheocr.com\/wp-content\/uploads\/2023\/01\/Breakable-Heart-Personalizable.jpg\" \/>\n\t<meta property=\"og:image:width\" content=\"756\" \/>\n\t<meta property=\"og:image:height\" content=\"1008\" \/>\n\t<meta property=\"og:image:type\" content=\"image\/jpeg\" \/>\n<meta name=\"twitter:card\" content=\"summary_large_image\" \/>\n<script type=\"application\/ld+json\" class=\"yoast-schema-graph\">{\"@context\":\"https:\\\/\\\/schema.org\",\"@graph\":[{\"@type\":\"WebPage\",\"@id\":\"https:\\\/\\\/www.chocolatestheocr.com\\\/en\\\/shop\\\/chocolates\\\/breakable-hearts\\\/breakable-heart-personalizable\\\/\",\"url\":\"https:\\\/\\\/www.chocolatestheocr.com\\\/en\\\/shop\\\/chocolates\\\/breakable-hearts\\\/breakable-heart-personalizable\\\/\",\"name\":\"Breakable Heart Personalizable* \\\/ Chocolate coraz\u00f3n para romper\",\"isPartOf\":{\"@id\":\"https:\\\/\\\/www.chocolatestheocr.com\\\/#website\"},\"primaryImageOfPage\":{\"@id\":\"https:\\\/\\\/www.chocolatestheocr.com\\\/en\\\/shop\\\/chocolates\\\/breakable-hearts\\\/breakable-heart-personalizable\\\/#primaryimage\"},\"image\":{\"@id\":\"https:\\\/\\\/www.chocolatestheocr.com\\\/en\\\/shop\\\/chocolates\\\/breakable-hearts\\\/breakable-heart-personalizable\\\/#primaryimage\"},\"thumbnailUrl\":\"https:\\\/\\\/www.chocolatestheocr.com\\\/wp-content\\\/uploads\\\/2023\\\/01\\\/Breakable-Heart-Personalizable.jpg\",\"datePublished\":\"2023-01-11T22:02:29+00:00\",\"description\":\"Breakable Heart Personalizable* Breakable Heart con mensaje personalizable* El coraz\u00f3n se puede romper con el martillo de madera que viene en la caja y \\\/ Theo\",\"breadcrumb\":{\"@id\":\"https:\\\/\\\/www.chocolatestheocr.com\\\/en\\\/shop\\\/chocolates\\\/breakable-hearts\\\/breakable-heart-personalizable\\\/#breadcrumb\"},\"inLanguage\":\"en-US\",\"potentialAction\":[{\"@type\":\"ReadAction\",\"target\":[\"https:\\\/\\\/www.chocolatestheocr.com\\\/en\\\/shop\\\/chocolates\\\/breakable-hearts\\\/breakable-heart-personalizable\\\/\"]}]},{\"@type\":\"ImageObject\",\"inLanguage\":\"en-US\",\"@id\":\"https:\\\/\\\/www.chocolatestheocr.com\\\/en\\\/shop\\\/chocolates\\\/breakable-hearts\\\/breakable-heart-personalizable\\\/#primaryimage\",\"url\":\"https:\\\/\\\/www.chocolatestheocr.com\\\/wp-content\\\/uploads\\\/2023\\\/01\\\/Breakable-Heart-Personalizable.jpg\",\"contentUrl\":\"https:\\\/\\\/www.chocolatestheocr.com\\\/wp-content\\\/uploads\\\/2023\\\/01\\\/Breakable-Heart-Personalizable.jpg\",\"width\":756,\"height\":1008,\"caption\":\"Breakable Heart Personalizable\"},{\"@type\":\"BreadcrumbList\",\"@id\":\"https:\\\/\\\/www.chocolatestheocr.com\\\/en\\\/shop\\\/chocolates\\\/breakable-hearts\\\/breakable-heart-personalizable\\\/#breadcrumb\",\"itemListElement\":[{\"@type\":\"ListItem\",\"position\":1,\"name\":\"Portada\",\"item\":\"https:\\\/\\\/www.chocolatestheocr.com\\\/\"},{\"@type\":\"ListItem\",\"position\":2,\"name\":\"Tienda\",\"item\":\"https:\\\/\\\/www.chocolatestheocr.com\\\/shop\\\/\"},{\"@type\":\"ListItem\",\"position\":3,\"name\":\"Breakable Heart Personalizable*\"}]},{\"@type\":\"WebSite\",\"@id\":\"https:\\\/\\\/www.chocolatestheocr.com\\\/#website\",\"url\":\"https:\\\/\\\/www.chocolatestheocr.com\\\/\",\"name\":\"Chocolates Theo\",\"description\":\"\",\"publisher\":{\"@id\":\"https:\\\/\\\/www.chocolatestheocr.com\\\/#organization\"},\"potentialAction\":[{\"@type\":\"SearchAction\",\"target\":{\"@type\":\"EntryPoint\",\"urlTemplate\":\"https:\\\/\\\/www.chocolatestheocr.com\\\/?s={search_term_string}\"},\"query-input\":{\"@type\":\"PropertyValueSpecification\",\"valueRequired\":true,\"valueName\":\"search_term_string\"}}],\"inLanguage\":\"en-US\"},{\"@type\":\"Organization\",\"@id\":\"https:\\\/\\\/www.chocolatestheocr.com\\\/#organization\",\"name\":\"Chocolates Theo\",\"url\":\"https:\\\/\\\/www.chocolatestheocr.com\\\/\",\"logo\":{\"@type\":\"ImageObject\",\"inLanguage\":\"en-US\",\"@id\":\"https:\\\/\\\/www.chocolatestheocr.com\\\/#\\\/schema\\\/logo\\\/image\\\/\",\"url\":\"https:\\\/\\\/www.chocolatestheocr.com\\\/wp-content\\\/uploads\\\/2021\\\/10\\\/Logo-Chocolates-Theo.jpg\",\"contentUrl\":\"https:\\\/\\\/www.chocolatestheocr.com\\\/wp-content\\\/uploads\\\/2021\\\/10\\\/Logo-Chocolates-Theo.jpg\",\"width\":600,\"height\":600,\"caption\":\"Chocolates Theo\"},\"image\":{\"@id\":\"https:\\\/\\\/www.chocolatestheocr.com\\\/#\\\/schema\\\/logo\\\/image\\\/\"},\"sameAs\":[\"https:\\\/\\\/www.facebook.com\\\/chocolatestheocr\",\"https:\\\/\\\/www.instagram.com\\\/chocolates_theo\\\/\",\"https:\\\/\\\/www.youtube.com\\\/channel\\\/UCcgAI69rswAd2FY1Ubvmcxw\"]}]}<\/script>\n<!-- \/ Yoast SEO plugin. -->","yoast_head_json":{"title":"Breakable Heart Personalizable* \/ Chocolate coraz\u00f3n para romper","description":"Breakable Heart Personalizable* Breakable Heart con mensaje personalizable* El coraz\u00f3n se puede romper con el martillo de madera que viene en la caja y \/ Theo","robots":{"index":"index","follow":"follow","max-snippet":"max-snippet:-1","max-image-preview":"max-image-preview:large","max-video-preview":"max-video-preview:-1"},"canonical":"https:\/\/www.chocolatestheocr.com\/en\/shop\/chocolates\/breakable-hearts\/breakable-heart-personalizable\/","og_locale":"en_US","og_type":"article","og_title":"Breakable Heart Personalizable* \/ Chocolate coraz\u00f3n para romper","og_description":"Breakable Heart Personalizable* Breakable Heart con mensaje personalizable* El coraz\u00f3n se puede romper con el martillo de madera que viene en la caja y \/ Theo","og_url":"https:\/\/www.chocolatestheocr.com\/en\/shop\/chocolates\/breakable-hearts\/breakable-heart-personalizable\/","og_site_name":"Chocolates Theo","article_publisher":"https:\/\/www.facebook.com\/chocolatestheocr","og_image":[{"width":756,"height":1008,"url":"https:\/\/www.chocolatestheocr.com\/wp-content\/uploads\/2023\/01\/Breakable-Heart-Personalizable.jpg","type":"image\/jpeg"}],"twitter_card":"summary_large_image","schema":{"@context":"https:\/\/schema.org","@graph":[{"@type":"WebPage","@id":"https:\/\/www.chocolatestheocr.com\/en\/shop\/chocolates\/breakable-hearts\/breakable-heart-personalizable\/","url":"https:\/\/www.chocolatestheocr.com\/en\/shop\/chocolates\/breakable-hearts\/breakable-heart-personalizable\/","name":"Breakable Heart Personalizable* \/ Chocolate coraz\u00f3n para romper","isPartOf":{"@id":"https:\/\/www.chocolatestheocr.com\/#website"},"primaryImageOfPage":{"@id":"https:\/\/www.chocolatestheocr.com\/en\/shop\/chocolates\/breakable-hearts\/breakable-heart-personalizable\/#primaryimage"},"image":{"@id":"https:\/\/www.chocolatestheocr.com\/en\/shop\/chocolates\/breakable-hearts\/breakable-heart-personalizable\/#primaryimage"},"thumbnailUrl":"https:\/\/www.chocolatestheocr.com\/wp-content\/uploads\/2023\/01\/Breakable-Heart-Personalizable.jpg","datePublished":"2023-01-11T22:02:29+00:00","description":"Breakable Heart Personalizable* Breakable Heart con mensaje personalizable* El coraz\u00f3n se puede romper con el martillo de madera que viene en la caja y \/ Theo","breadcrumb":{"@id":"https:\/\/www.chocolatestheocr.com\/en\/shop\/chocolates\/breakable-hearts\/breakable-heart-personalizable\/#breadcrumb"},"inLanguage":"en-US","potentialAction":[{"@type":"ReadAction","target":["https:\/\/www.chocolatestheocr.com\/en\/shop\/chocolates\/breakable-hearts\/breakable-heart-personalizable\/"]}]},{"@type":"ImageObject","inLanguage":"en-US","@id":"https:\/\/www.chocolatestheocr.com\/en\/shop\/chocolates\/breakable-hearts\/breakable-heart-personalizable\/#primaryimage","url":"https:\/\/www.chocolatestheocr.com\/wp-content\/uploads\/2023\/01\/Breakable-Heart-Personalizable.jpg","contentUrl":"https:\/\/www.chocolatestheocr.com\/wp-content\/uploads\/2023\/01\/Breakable-Heart-Personalizable.jpg","width":756,"height":1008,"caption":"Breakable Heart Personalizable"},{"@type":"BreadcrumbList","@id":"https:\/\/www.chocolatestheocr.com\/en\/shop\/chocolates\/breakable-hearts\/breakable-heart-personalizable\/#breadcrumb","itemListElement":[{"@type":"ListItem","position":1,"name":"Portada","item":"https:\/\/www.chocolatestheocr.com\/"},{"@type":"ListItem","position":2,"name":"Tienda","item":"https:\/\/www.chocolatestheocr.com\/shop\/"},{"@type":"ListItem","position":3,"name":"Breakable Heart Personalizable*"}]},{"@type":"WebSite","@id":"https:\/\/www.chocolatestheocr.com\/#website","url":"https:\/\/www.chocolatestheocr.com\/","name":"Chocolates Theo","description":"","publisher":{"@id":"https:\/\/www.chocolatestheocr.com\/#organization"},"potentialAction":[{"@type":"SearchAction","target":{"@type":"EntryPoint","urlTemplate":"https:\/\/www.chocolatestheocr.com\/?s={search_term_string}"},"query-input":{"@type":"PropertyValueSpecification","valueRequired":true,"valueName":"search_term_string"}}],"inLanguage":"en-US"},{"@type":"Organization","@id":"https:\/\/www.chocolatestheocr.com\/#organization","name":"Chocolates Theo","url":"https:\/\/www.chocolatestheocr.com\/","logo":{"@type":"ImageObject","inLanguage":"en-US","@id":"https:\/\/www.chocolatestheocr.com\/#\/schema\/logo\/image\/","url":"https:\/\/www.chocolatestheocr.com\/wp-content\/uploads\/2021\/10\/Logo-Chocolates-Theo.jpg","contentUrl":"https:\/\/www.chocolatestheocr.com\/wp-content\/uploads\/2021\/10\/Logo-Chocolates-Theo.jpg","width":600,"height":600,"caption":"Chocolates Theo"},"image":{"@id":"https:\/\/www.chocolatestheocr.com\/#\/schema\/logo\/image\/"},"sameAs":["https:\/\/www.facebook.com\/chocolatestheocr","https:\/\/www.instagram.com\/chocolates_theo\/","https:\/\/www.youtube.com\/channel\/UCcgAI69rswAd2FY1Ubvmcxw"]}]}},"_links":{"self":[{"href":"https:\/\/www.chocolatestheocr.com\/en\/wp-json\/wp\/v2\/product\/11624","targetHints":{"allow":["GET"]}}],"collection":[{"href":"https:\/\/www.chocolatestheocr.com\/en\/wp-json\/wp\/v2\/product"}],"about":[{"href":"https:\/\/www.chocolatestheocr.com\/en\/wp-json\/wp\/v2\/types\/product"}],"version-history":[{"count":0,"href":"https:\/\/www.chocolatestheocr.com\/en\/wp-json\/wp\/v2\/product\/11624\/revisions"}],"wp:featuredmedia":[{"embeddable":true,"href":"https:\/\/www.chocolatestheocr.com\/en\/wp-json\/wp\/v2\/media\/11625"}],"wp:attachment":[{"href":"https:\/\/www.chocolatestheocr.com\/en\/wp-json\/wp\/v2\/media?parent=11624"}],"wp:term":[{"taxonomy":"product_brand","embeddable":true,"href":"https:\/\/www.chocolatestheocr.com\/en\/wp-json\/wp\/v2\/product_brand?post=11624"},{"taxonomy":"product_cat","embeddable":true,"href":"https:\/\/www.chocolatestheocr.com\/en\/wp-json\/wp\/v2\/product_cat?post=11624"},{"taxonomy":"product_tag","embeddable":true,"href":"https:\/\/www.chocolatestheocr.com\/en\/wp-json\/wp\/v2\/product_tag?post=11624"}],"curies":[{"name":"wp","href":"https:\/\/api.w.org\/{rel}","templated":true}]}}