{"id":11489,"date":"2022-12-11T22:09:12","date_gmt":"2022-12-12T04:09:12","guid":{"rendered":"https:\/\/www.chocolatestheocr.com\/?post_type=product&#038;p=11489"},"modified":"2025-10-11T11:39:03","modified_gmt":"2025-10-11T17:39:03","slug":"arbol-de-fresas-con-chocolate-navideno-grande","status":"publish","type":"product","link":"https:\/\/www.chocolatestheocr.com\/en\/shop\/fechas-especiales\/navidad\/arbol-de-fresas-con-chocolate-navideno-grande\/","title":{"rendered":"\u00c1rbol de fresas con chocolate navide\u00f1o grande"},"content":{"rendered":"<p>\u00c1rbol de fresas con chocolate navide\u00f1o grande<\/p>\n<p>Arreglo en forma de \u00e1rbol de navidad con m\u00e1s de 100 fresas cubiertas y decoradas con chocolate con colores navide\u00f1os.<\/p>\n<p>Adem\u00e1s de ser un adorno de mesa espectacular, es perfecto para compartir en grupos numerosos.<\/p>\n<p>Podemos cambiar los colores del chocolate del del \u00e1rbol de acuerdo a los colores de sus celebraciones. (contacte a nuestro servicio al cliente)<\/p>","protected":false},"excerpt":{"rendered":"<p>\u00c1rbol de fresas con chocolate navide\u00f1o grande<\/p>\n<p>Arreglo en forma de \u00e1rbol de navidad con m\u00e1s de 100 fresas cubiertas y decoradas con chocolate con colores navide\u00f1os.<\/p>\n<p>Adem\u00e1s de ser un adorno de mesa espectacular, es perfecto para compartir en grupos numerosos.<\/p>\n<p>Podemos cambiar los colores del chocolate del del \u00e1rbol de acuerdo a los colores de sus celebraciones. (contacte a nuestro servicio al cliente)<\/p>","protected":false},"featured_media":13777,"template":"","meta":[],"product_brand":[361],"product_cat":[374,92,41],"product_tag":[126,124,262,552],"class_list":{"0":"post-11489","1":"product","2":"type-product","3":"status-publish","4":"has-post-thumbnail","6":"product_brand-chocolates-theo","7":"product_cat-arreglos-frutales","8":"product_cat-navidad","9":"product_cat-all","10":"product_tag-arbol","11":"product_tag-centro-de-mesa","12":"product_tag-navidad","13":"product_tag-torre","15":"first","16":"instock","17":"shipping-taxable","18":"purchasable","19":"product-type-simple"},"yoast_head":"<!-- This site is optimized with the Yoast SEO plugin v27.3 - https:\/\/yoast.com\/product\/yoast-seo-wordpress\/ -->\n<title>\u00c1rbol de fresas con chocolate navide\u00f1o grande \/ Chocolates Theo \/ Costa Rica<\/title>\n<meta name=\"description\" content=\"\u00c1rbol de fresas con chocolate navide\u00f1o grande  Arreglo en forma de \u00e1rbol de navidad con m\u00e1s de 100 fresas cubiertas y decoradas con chocolate con colores navide\u00f1os.  Adem\u00e1s de ser un adorno de mesa espectacular, es perfecto para compartir en grupos numerosos.  Podemos cambiar los colores del chocolate del del \u00e1rbol de acuerdo a los colores de sus celebraciones. (contacte a nuestro servicio al cliente)\" \/>\n<meta name=\"robots\" content=\"index, follow, max-snippet:-1, max-image-preview:large, max-video-preview:-1\" \/>\n<link rel=\"canonical\" href=\"https:\/\/www.chocolatestheocr.com\/en\/shop\/fechas-especiales\/navidad\/arbol-de-fresas-con-chocolate-navideno-grande\/\" \/>\n<meta property=\"og:locale\" content=\"en_US\" \/>\n<meta property=\"og:type\" content=\"article\" \/>\n<meta property=\"og:title\" content=\"\u00c1rbol de fresas con chocolate navide\u00f1o grande \/ Chocolates Theo \/ Costa Rica\" \/>\n<meta property=\"og:description\" content=\"\u00c1rbol de fresas con chocolate navide\u00f1o grande  Arreglo en forma de \u00e1rbol de navidad con m\u00e1s de 100 fresas cubiertas y decoradas con chocolate con colores navide\u00f1os.  Adem\u00e1s de ser un adorno de mesa espectacular, es perfecto para compartir en grupos numerosos.  Podemos cambiar los colores del chocolate del del \u00e1rbol de acuerdo a los colores de sus celebraciones. (contacte a nuestro servicio al cliente)\" \/>\n<meta property=\"og:url\" content=\"https:\/\/www.chocolatestheocr.com\/en\/shop\/fechas-especiales\/navidad\/arbol-de-fresas-con-chocolate-navideno-grande\/\" \/>\n<meta property=\"og:site_name\" content=\"Chocolates Theo\" \/>\n<meta property=\"article:publisher\" content=\"https:\/\/www.facebook.com\/chocolatestheocr\" \/>\n<meta property=\"article:modified_time\" content=\"2025-10-11T17:39:03+00:00\" \/>\n<meta property=\"og:image\" content=\"https:\/\/www.chocolatestheocr.com\/wp-content\/uploads\/2022\/12\/Arbol-de-fresas-con-chocolate-navideno.webp\" \/>\n\t<meta property=\"og:image:width\" content=\"1000\" \/>\n\t<meta property=\"og:image:height\" content=\"1441\" \/>\n\t<meta property=\"og:image:type\" content=\"image\/webp\" \/>\n<meta name=\"twitter:card\" content=\"summary_large_image\" \/>\n<script type=\"application\/ld+json\" class=\"yoast-schema-graph\">{\"@context\":\"https:\\\/\\\/schema.org\",\"@graph\":[{\"@type\":\"WebPage\",\"@id\":\"https:\\\/\\\/www.chocolatestheocr.com\\\/shop\\\/fechas-especiales\\\/navidad\\\/arbol-de-fresas-con-chocolate-navideno-grande\\\/\",\"url\":\"https:\\\/\\\/www.chocolatestheocr.com\\\/shop\\\/fechas-especiales\\\/navidad\\\/arbol-de-fresas-con-chocolate-navideno-grande\\\/\",\"name\":\"\u00c1rbol de fresas con chocolate navide\u00f1o grande \\\/ Chocolates Theo \\\/ Costa Rica\",\"isPartOf\":{\"@id\":\"https:\\\/\\\/www.chocolatestheocr.com\\\/#website\"},\"primaryImageOfPage\":{\"@id\":\"https:\\\/\\\/www.chocolatestheocr.com\\\/shop\\\/fechas-especiales\\\/navidad\\\/arbol-de-fresas-con-chocolate-navideno-grande\\\/#primaryimage\"},\"image\":{\"@id\":\"https:\\\/\\\/www.chocolatestheocr.com\\\/shop\\\/fechas-especiales\\\/navidad\\\/arbol-de-fresas-con-chocolate-navideno-grande\\\/#primaryimage\"},\"thumbnailUrl\":\"https:\\\/\\\/www.chocolatestheocr.com\\\/wp-content\\\/uploads\\\/2022\\\/12\\\/Arbol-de-fresas-con-chocolate-navideno.webp\",\"datePublished\":\"2022-12-12T04:09:12+00:00\",\"dateModified\":\"2025-10-11T17:39:03+00:00\",\"description\":\"\u00c1rbol de fresas con chocolate navide\u00f1o grande Arreglo en forma de \u00e1rbol de navidad con m\u00e1s de 100 fresas cubiertas y decoradas con chocolate con colores navide\u00f1os. Adem\u00e1s de ser un adorno de mesa espectacular, es perfecto para compartir en grupos numerosos. Podemos cambiar los colores del chocolate del del \u00e1rbol de acuerdo a los colores de sus celebraciones. (contacte a nuestro servicio al cliente)\",\"breadcrumb\":{\"@id\":\"https:\\\/\\\/www.chocolatestheocr.com\\\/shop\\\/fechas-especiales\\\/navidad\\\/arbol-de-fresas-con-chocolate-navideno-grande\\\/#breadcrumb\"},\"inLanguage\":\"en-US\",\"potentialAction\":[{\"@type\":\"ReadAction\",\"target\":[\"https:\\\/\\\/www.chocolatestheocr.com\\\/shop\\\/fechas-especiales\\\/navidad\\\/arbol-de-fresas-con-chocolate-navideno-grande\\\/\"]}]},{\"@type\":\"ImageObject\",\"inLanguage\":\"en-US\",\"@id\":\"https:\\\/\\\/www.chocolatestheocr.com\\\/shop\\\/fechas-especiales\\\/navidad\\\/arbol-de-fresas-con-chocolate-navideno-grande\\\/#primaryimage\",\"url\":\"https:\\\/\\\/www.chocolatestheocr.com\\\/wp-content\\\/uploads\\\/2022\\\/12\\\/Arbol-de-fresas-con-chocolate-navideno.webp\",\"contentUrl\":\"https:\\\/\\\/www.chocolatestheocr.com\\\/wp-content\\\/uploads\\\/2022\\\/12\\\/Arbol-de-fresas-con-chocolate-navideno.webp\",\"width\":1000,\"height\":1441,\"caption\":\"A\u0301rbol de fresas con chocolate naviden\u0303o\"},{\"@type\":\"BreadcrumbList\",\"@id\":\"https:\\\/\\\/www.chocolatestheocr.com\\\/shop\\\/fechas-especiales\\\/navidad\\\/arbol-de-fresas-con-chocolate-navideno-grande\\\/#breadcrumb\",\"itemListElement\":[{\"@type\":\"ListItem\",\"position\":1,\"name\":\"Portada\",\"item\":\"https:\\\/\\\/www.chocolatestheocr.com\\\/\"},{\"@type\":\"ListItem\",\"position\":2,\"name\":\"Tienda\",\"item\":\"https:\\\/\\\/www.chocolatestheocr.com\\\/shop\\\/\"},{\"@type\":\"ListItem\",\"position\":3,\"name\":\"\u00c1rbol de fresas con chocolate navide\u00f1o grande\"}]},{\"@type\":\"WebSite\",\"@id\":\"https:\\\/\\\/www.chocolatestheocr.com\\\/#website\",\"url\":\"https:\\\/\\\/www.chocolatestheocr.com\\\/\",\"name\":\"Chocolates Theo\",\"description\":\"\",\"publisher\":{\"@id\":\"https:\\\/\\\/www.chocolatestheocr.com\\\/#organization\"},\"potentialAction\":[{\"@type\":\"SearchAction\",\"target\":{\"@type\":\"EntryPoint\",\"urlTemplate\":\"https:\\\/\\\/www.chocolatestheocr.com\\\/?s={search_term_string}\"},\"query-input\":{\"@type\":\"PropertyValueSpecification\",\"valueRequired\":true,\"valueName\":\"search_term_string\"}}],\"inLanguage\":\"en-US\"},{\"@type\":\"Organization\",\"@id\":\"https:\\\/\\\/www.chocolatestheocr.com\\\/#organization\",\"name\":\"Chocolates Theo\",\"url\":\"https:\\\/\\\/www.chocolatestheocr.com\\\/\",\"logo\":{\"@type\":\"ImageObject\",\"inLanguage\":\"en-US\",\"@id\":\"https:\\\/\\\/www.chocolatestheocr.com\\\/#\\\/schema\\\/logo\\\/image\\\/\",\"url\":\"https:\\\/\\\/www.chocolatestheocr.com\\\/wp-content\\\/uploads\\\/2021\\\/10\\\/Logo-Chocolates-Theo.jpg\",\"contentUrl\":\"https:\\\/\\\/www.chocolatestheocr.com\\\/wp-content\\\/uploads\\\/2021\\\/10\\\/Logo-Chocolates-Theo.jpg\",\"width\":600,\"height\":600,\"caption\":\"Chocolates Theo\"},\"image\":{\"@id\":\"https:\\\/\\\/www.chocolatestheocr.com\\\/#\\\/schema\\\/logo\\\/image\\\/\"},\"sameAs\":[\"https:\\\/\\\/www.facebook.com\\\/chocolatestheocr\",\"https:\\\/\\\/www.instagram.com\\\/chocolates_theo\\\/\",\"https:\\\/\\\/www.youtube.com\\\/channel\\\/UCcgAI69rswAd2FY1Ubvmcxw\"]}]}<\/script>\n<!-- \/ Yoast SEO plugin. -->","yoast_head_json":{"title":"\u00c1rbol de fresas con chocolate navide\u00f1o grande \/ Chocolates Theo \/ Costa Rica","description":"\u00c1rbol de fresas con chocolate navide\u00f1o grande  Arreglo en forma de \u00e1rbol de navidad con m\u00e1s de 100 fresas cubiertas y decoradas con chocolate con colores navide\u00f1os.  Adem\u00e1s de ser un adorno de mesa espectacular, es perfecto para compartir en grupos numerosos.  Podemos cambiar los colores del chocolate del del \u00e1rbol de acuerdo a los colores de sus celebraciones. (contacte a nuestro servicio al cliente)","robots":{"index":"index","follow":"follow","max-snippet":"max-snippet:-1","max-image-preview":"max-image-preview:large","max-video-preview":"max-video-preview:-1"},"canonical":"https:\/\/www.chocolatestheocr.com\/en\/shop\/fechas-especiales\/navidad\/arbol-de-fresas-con-chocolate-navideno-grande\/","og_locale":"en_US","og_type":"article","og_title":"\u00c1rbol de fresas con chocolate navide\u00f1o grande \/ Chocolates Theo \/ Costa Rica","og_description":"\u00c1rbol de fresas con chocolate navide\u00f1o grande  Arreglo en forma de \u00e1rbol de navidad con m\u00e1s de 100 fresas cubiertas y decoradas con chocolate con colores navide\u00f1os.  Adem\u00e1s de ser un adorno de mesa espectacular, es perfecto para compartir en grupos numerosos.  Podemos cambiar los colores del chocolate del del \u00e1rbol de acuerdo a los colores de sus celebraciones. (contacte a nuestro servicio al cliente)","og_url":"https:\/\/www.chocolatestheocr.com\/en\/shop\/fechas-especiales\/navidad\/arbol-de-fresas-con-chocolate-navideno-grande\/","og_site_name":"Chocolates Theo","article_publisher":"https:\/\/www.facebook.com\/chocolatestheocr","article_modified_time":"2025-10-11T17:39:03+00:00","og_image":[{"width":1000,"height":1441,"url":"https:\/\/www.chocolatestheocr.com\/wp-content\/uploads\/2022\/12\/Arbol-de-fresas-con-chocolate-navideno.webp","type":"image\/webp"}],"twitter_card":"summary_large_image","schema":{"@context":"https:\/\/schema.org","@graph":[{"@type":"WebPage","@id":"https:\/\/www.chocolatestheocr.com\/shop\/fechas-especiales\/navidad\/arbol-de-fresas-con-chocolate-navideno-grande\/","url":"https:\/\/www.chocolatestheocr.com\/shop\/fechas-especiales\/navidad\/arbol-de-fresas-con-chocolate-navideno-grande\/","name":"\u00c1rbol de fresas con chocolate navide\u00f1o grande \/ Chocolates Theo \/ Costa Rica","isPartOf":{"@id":"https:\/\/www.chocolatestheocr.com\/#website"},"primaryImageOfPage":{"@id":"https:\/\/www.chocolatestheocr.com\/shop\/fechas-especiales\/navidad\/arbol-de-fresas-con-chocolate-navideno-grande\/#primaryimage"},"image":{"@id":"https:\/\/www.chocolatestheocr.com\/shop\/fechas-especiales\/navidad\/arbol-de-fresas-con-chocolate-navideno-grande\/#primaryimage"},"thumbnailUrl":"https:\/\/www.chocolatestheocr.com\/wp-content\/uploads\/2022\/12\/Arbol-de-fresas-con-chocolate-navideno.webp","datePublished":"2022-12-12T04:09:12+00:00","dateModified":"2025-10-11T17:39:03+00:00","description":"\u00c1rbol de fresas con chocolate navide\u00f1o grande Arreglo en forma de \u00e1rbol de navidad con m\u00e1s de 100 fresas cubiertas y decoradas con chocolate con colores navide\u00f1os. Adem\u00e1s de ser un adorno de mesa espectacular, es perfecto para compartir en grupos numerosos. Podemos cambiar los colores del chocolate del del \u00e1rbol de acuerdo a los colores de sus celebraciones. (contacte a nuestro servicio al cliente)","breadcrumb":{"@id":"https:\/\/www.chocolatestheocr.com\/shop\/fechas-especiales\/navidad\/arbol-de-fresas-con-chocolate-navideno-grande\/#breadcrumb"},"inLanguage":"en-US","potentialAction":[{"@type":"ReadAction","target":["https:\/\/www.chocolatestheocr.com\/shop\/fechas-especiales\/navidad\/arbol-de-fresas-con-chocolate-navideno-grande\/"]}]},{"@type":"ImageObject","inLanguage":"en-US","@id":"https:\/\/www.chocolatestheocr.com\/shop\/fechas-especiales\/navidad\/arbol-de-fresas-con-chocolate-navideno-grande\/#primaryimage","url":"https:\/\/www.chocolatestheocr.com\/wp-content\/uploads\/2022\/12\/Arbol-de-fresas-con-chocolate-navideno.webp","contentUrl":"https:\/\/www.chocolatestheocr.com\/wp-content\/uploads\/2022\/12\/Arbol-de-fresas-con-chocolate-navideno.webp","width":1000,"height":1441,"caption":"A\u0301rbol de fresas con chocolate naviden\u0303o"},{"@type":"BreadcrumbList","@id":"https:\/\/www.chocolatestheocr.com\/shop\/fechas-especiales\/navidad\/arbol-de-fresas-con-chocolate-navideno-grande\/#breadcrumb","itemListElement":[{"@type":"ListItem","position":1,"name":"Portada","item":"https:\/\/www.chocolatestheocr.com\/"},{"@type":"ListItem","position":2,"name":"Tienda","item":"https:\/\/www.chocolatestheocr.com\/shop\/"},{"@type":"ListItem","position":3,"name":"\u00c1rbol de fresas con chocolate navide\u00f1o grande"}]},{"@type":"WebSite","@id":"https:\/\/www.chocolatestheocr.com\/#website","url":"https:\/\/www.chocolatestheocr.com\/","name":"Chocolates Theo","description":"","publisher":{"@id":"https:\/\/www.chocolatestheocr.com\/#organization"},"potentialAction":[{"@type":"SearchAction","target":{"@type":"EntryPoint","urlTemplate":"https:\/\/www.chocolatestheocr.com\/?s={search_term_string}"},"query-input":{"@type":"PropertyValueSpecification","valueRequired":true,"valueName":"search_term_string"}}],"inLanguage":"en-US"},{"@type":"Organization","@id":"https:\/\/www.chocolatestheocr.com\/#organization","name":"Chocolates Theo","url":"https:\/\/www.chocolatestheocr.com\/","logo":{"@type":"ImageObject","inLanguage":"en-US","@id":"https:\/\/www.chocolatestheocr.com\/#\/schema\/logo\/image\/","url":"https:\/\/www.chocolatestheocr.com\/wp-content\/uploads\/2021\/10\/Logo-Chocolates-Theo.jpg","contentUrl":"https:\/\/www.chocolatestheocr.com\/wp-content\/uploads\/2021\/10\/Logo-Chocolates-Theo.jpg","width":600,"height":600,"caption":"Chocolates Theo"},"image":{"@id":"https:\/\/www.chocolatestheocr.com\/#\/schema\/logo\/image\/"},"sameAs":["https:\/\/www.facebook.com\/chocolatestheocr","https:\/\/www.instagram.com\/chocolates_theo\/","https:\/\/www.youtube.com\/channel\/UCcgAI69rswAd2FY1Ubvmcxw"]}]}},"_links":{"self":[{"href":"https:\/\/www.chocolatestheocr.com\/en\/wp-json\/wp\/v2\/product\/11489","targetHints":{"allow":["GET"]}}],"collection":[{"href":"https:\/\/www.chocolatestheocr.com\/en\/wp-json\/wp\/v2\/product"}],"about":[{"href":"https:\/\/www.chocolatestheocr.com\/en\/wp-json\/wp\/v2\/types\/product"}],"version-history":[{"count":0,"href":"https:\/\/www.chocolatestheocr.com\/en\/wp-json\/wp\/v2\/product\/11489\/revisions"}],"wp:featuredmedia":[{"embeddable":true,"href":"https:\/\/www.chocolatestheocr.com\/en\/wp-json\/wp\/v2\/media\/13777"}],"wp:attachment":[{"href":"https:\/\/www.chocolatestheocr.com\/en\/wp-json\/wp\/v2\/media?parent=11489"}],"wp:term":[{"taxonomy":"product_brand","embeddable":true,"href":"https:\/\/www.chocolatestheocr.com\/en\/wp-json\/wp\/v2\/product_brand?post=11489"},{"taxonomy":"product_cat","embeddable":true,"href":"https:\/\/www.chocolatestheocr.com\/en\/wp-json\/wp\/v2\/product_cat?post=11489"},{"taxonomy":"product_tag","embeddable":true,"href":"https:\/\/www.chocolatestheocr.com\/en\/wp-json\/wp\/v2\/product_tag?post=11489"}],"curies":[{"name":"wp","href":"https:\/\/api.w.org\/{rel}","templated":true}]}}