{"id":10577,"date":"2022-06-02T00:11:51","date_gmt":"2022-06-02T06:11:51","guid":{"rendered":"https:\/\/www.chocolatestheocr.com\/?post_type=product&#038;p=10577"},"modified":"2025-10-13T10:14:38","modified_gmt":"2025-10-13T16:14:38","slug":"caja-25-fresas-feliz-dia-papa","status":"publish","type":"product","link":"https:\/\/www.chocolatestheocr.com\/en\/shop\/fechas-especiales\/dia-del-padre\/caja-25-fresas-feliz-dia-papa\/","title":{"rendered":"Caja 25 fresas &#8220;Feliz D\u00eda Pap\u00e1&#8221;"},"content":{"rendered":"<p>Caja 25 fresas &#8220;Feliz D\u00eda Pap\u00e1&#8221;<\/p>\n<p>Cajas con 25\u00a0<a href=\"https:\/\/www.chocolatestheocr.com\/en\/product-category\/cajas\/\">fresas cubiertas y decoradas con chocolate<\/a> y algunas pintadas con color dorado comestible; Con el mensaje \u201c<a href=\"https:\/\/floristeriatheo.com\/product-category\/fechas-especiales\/dia-del-padre\/\">Feliz D\u00eda Pap\u00e1<\/a>\u201c en letras de chocolate dorado<\/p>","protected":false},"excerpt":{"rendered":"<p>Caja 25 fresas &#8220;Feliz D\u00eda Pap\u00e1&#8221;<\/p>\n<p>Cajas con 25\u00a0<a href=\"https:\/\/www.chocolatestheocr.com\/en\/product-category\/cajas\/\">fresas cubiertas y decoradas con chocolate<\/a> y algunas pintadas con color dorado comestible; Con el mensaje \u201c<a href=\"https:\/\/floristeriatheo.com\/product-category\/fechas-especiales\/dia-del-padre\/\">Feliz D\u00eda Pap\u00e1<\/a>\u201c en letras de chocolate dorado<\/p>","protected":false},"featured_media":10580,"template":"","meta":[],"product_brand":[361],"product_cat":[90,41],"product_tag":[318,156,319],"class_list":{"0":"post-10577","1":"product","2":"type-product","3":"status-publish","4":"has-post-thumbnail","6":"product_brand-chocolates-theo","7":"product_cat-dia-del-padre","8":"product_cat-all","9":"product_tag-dia-del-padre","10":"product_tag-fresas-con-chocolate","11":"product_tag-papa","13":"first","14":"instock","15":"shipping-taxable","16":"purchasable","17":"product-type-simple"},"yoast_head":"<!-- This site is optimized with the Yoast SEO plugin v27.3 - https:\/\/yoast.com\/product\/yoast-seo-wordpress\/ -->\n<title>Caja 25 fresas &quot;Feliz D\u00eda Pap\u00e1&quot; \/ Regalo \/ Chocolates Theo \/ D\u00eda del Padre<\/title>\n<meta name=\"description\" content=\"Detalle D\u00eda del Padre \/ Regalo \/ Chocolates Theo \/ Pap\u00e1 \/ Celebraci\u00f3n \/ Costa Rica \/ Fresas con chocolate \/ Doradas \/\" \/>\n<meta name=\"robots\" content=\"index, follow, max-snippet:-1, max-image-preview:large, max-video-preview:-1\" \/>\n<link rel=\"canonical\" href=\"https:\/\/www.chocolatestheocr.com\/en\/shop\/fechas-especiales\/dia-del-padre\/caja-25-fresas-feliz-dia-papa\/\" \/>\n<meta property=\"og:locale\" content=\"en_US\" \/>\n<meta property=\"og:type\" content=\"article\" \/>\n<meta property=\"og:title\" content=\"Caja 25 fresas &quot;Feliz D\u00eda Pap\u00e1&quot; \/ Regalo \/ Chocolates Theo \/ D\u00eda del Padre\" \/>\n<meta property=\"og:description\" content=\"Detalle D\u00eda del Padre \/ Regalo \/ Chocolates Theo \/ Pap\u00e1 \/ Celebraci\u00f3n \/ Costa Rica \/ Fresas con chocolate \/ Doradas \/\" \/>\n<meta property=\"og:url\" content=\"https:\/\/www.chocolatestheocr.com\/en\/shop\/fechas-especiales\/dia-del-padre\/caja-25-fresas-feliz-dia-papa\/\" \/>\n<meta property=\"og:site_name\" content=\"Chocolates Theo\" \/>\n<meta property=\"article:publisher\" content=\"https:\/\/www.facebook.com\/chocolatestheocr\" \/>\n<meta property=\"article:modified_time\" content=\"2025-10-13T16:14:38+00:00\" \/>\n<meta property=\"og:image\" content=\"https:\/\/www.chocolatestheocr.com\/wp-content\/uploads\/2022\/06\/Caja-25-fresas-_Feliz-di\u0301a-Papa\u0301_.jpg\" \/>\n\t<meta property=\"og:image:width\" content=\"600\" \/>\n\t<meta property=\"og:image:height\" content=\"800\" \/>\n\t<meta property=\"og:image:type\" content=\"image\/jpeg\" \/>\n<meta name=\"twitter:card\" content=\"summary_large_image\" \/>\n<meta name=\"twitter:label1\" content=\"Est. reading time\" \/>\n\t<meta name=\"twitter:data1\" content=\"1 minute\" \/>\n<script type=\"application\/ld+json\" class=\"yoast-schema-graph\">{\"@context\":\"https:\\\/\\\/schema.org\",\"@graph\":[{\"@type\":\"WebPage\",\"@id\":\"https:\\\/\\\/www.chocolatestheocr.com\\\/shop\\\/fechas-especiales\\\/dia-del-padre\\\/caja-25-fresas-feliz-dia-papa\\\/\",\"url\":\"https:\\\/\\\/www.chocolatestheocr.com\\\/shop\\\/fechas-especiales\\\/dia-del-padre\\\/caja-25-fresas-feliz-dia-papa\\\/\",\"name\":\"Caja 25 fresas \\\"Feliz D\u00eda Pap\u00e1\\\" \\\/ Regalo \\\/ Chocolates Theo \\\/ D\u00eda del Padre\",\"isPartOf\":{\"@id\":\"https:\\\/\\\/www.chocolatestheocr.com\\\/#website\"},\"primaryImageOfPage\":{\"@id\":\"https:\\\/\\\/www.chocolatestheocr.com\\\/shop\\\/fechas-especiales\\\/dia-del-padre\\\/caja-25-fresas-feliz-dia-papa\\\/#primaryimage\"},\"image\":{\"@id\":\"https:\\\/\\\/www.chocolatestheocr.com\\\/shop\\\/fechas-especiales\\\/dia-del-padre\\\/caja-25-fresas-feliz-dia-papa\\\/#primaryimage\"},\"thumbnailUrl\":\"https:\\\/\\\/www.chocolatestheocr.com\\\/wp-content\\\/uploads\\\/2022\\\/06\\\/Caja-25-fresas-_Feliz-di\u0301a-Papa\u0301_.jpg\",\"datePublished\":\"2022-06-02T06:11:51+00:00\",\"dateModified\":\"2025-10-13T16:14:38+00:00\",\"description\":\"Detalle D\u00eda del Padre \\\/ Regalo \\\/ Chocolates Theo \\\/ Pap\u00e1 \\\/ Celebraci\u00f3n \\\/ Costa Rica \\\/ Fresas con chocolate \\\/ Doradas \\\/\",\"breadcrumb\":{\"@id\":\"https:\\\/\\\/www.chocolatestheocr.com\\\/shop\\\/fechas-especiales\\\/dia-del-padre\\\/caja-25-fresas-feliz-dia-papa\\\/#breadcrumb\"},\"inLanguage\":\"en-US\",\"potentialAction\":[{\"@type\":\"ReadAction\",\"target\":[\"https:\\\/\\\/www.chocolatestheocr.com\\\/shop\\\/fechas-especiales\\\/dia-del-padre\\\/caja-25-fresas-feliz-dia-papa\\\/\"]}]},{\"@type\":\"ImageObject\",\"inLanguage\":\"en-US\",\"@id\":\"https:\\\/\\\/www.chocolatestheocr.com\\\/shop\\\/fechas-especiales\\\/dia-del-padre\\\/caja-25-fresas-feliz-dia-papa\\\/#primaryimage\",\"url\":\"https:\\\/\\\/www.chocolatestheocr.com\\\/wp-content\\\/uploads\\\/2022\\\/06\\\/Caja-25-fresas-_Feliz-di\u0301a-Papa\u0301_.jpg\",\"contentUrl\":\"https:\\\/\\\/www.chocolatestheocr.com\\\/wp-content\\\/uploads\\\/2022\\\/06\\\/Caja-25-fresas-_Feliz-di\u0301a-Papa\u0301_.jpg\",\"width\":600,\"height\":800,\"caption\":\"Caja 25 fresas _Feliz di\u0301a Papa\u0301_\"},{\"@type\":\"BreadcrumbList\",\"@id\":\"https:\\\/\\\/www.chocolatestheocr.com\\\/shop\\\/fechas-especiales\\\/dia-del-padre\\\/caja-25-fresas-feliz-dia-papa\\\/#breadcrumb\",\"itemListElement\":[{\"@type\":\"ListItem\",\"position\":1,\"name\":\"Portada\",\"item\":\"https:\\\/\\\/www.chocolatestheocr.com\\\/\"},{\"@type\":\"ListItem\",\"position\":2,\"name\":\"Tienda\",\"item\":\"https:\\\/\\\/www.chocolatestheocr.com\\\/shop\\\/\"},{\"@type\":\"ListItem\",\"position\":3,\"name\":\"Caja 25 fresas &#8220;Feliz D\u00eda Pap\u00e1&#8221;\"}]},{\"@type\":\"WebSite\",\"@id\":\"https:\\\/\\\/www.chocolatestheocr.com\\\/#website\",\"url\":\"https:\\\/\\\/www.chocolatestheocr.com\\\/\",\"name\":\"Chocolates Theo\",\"description\":\"\",\"publisher\":{\"@id\":\"https:\\\/\\\/www.chocolatestheocr.com\\\/#organization\"},\"potentialAction\":[{\"@type\":\"SearchAction\",\"target\":{\"@type\":\"EntryPoint\",\"urlTemplate\":\"https:\\\/\\\/www.chocolatestheocr.com\\\/?s={search_term_string}\"},\"query-input\":{\"@type\":\"PropertyValueSpecification\",\"valueRequired\":true,\"valueName\":\"search_term_string\"}}],\"inLanguage\":\"en-US\"},{\"@type\":\"Organization\",\"@id\":\"https:\\\/\\\/www.chocolatestheocr.com\\\/#organization\",\"name\":\"Chocolates Theo\",\"url\":\"https:\\\/\\\/www.chocolatestheocr.com\\\/\",\"logo\":{\"@type\":\"ImageObject\",\"inLanguage\":\"en-US\",\"@id\":\"https:\\\/\\\/www.chocolatestheocr.com\\\/#\\\/schema\\\/logo\\\/image\\\/\",\"url\":\"https:\\\/\\\/www.chocolatestheocr.com\\\/wp-content\\\/uploads\\\/2021\\\/10\\\/Logo-Chocolates-Theo.jpg\",\"contentUrl\":\"https:\\\/\\\/www.chocolatestheocr.com\\\/wp-content\\\/uploads\\\/2021\\\/10\\\/Logo-Chocolates-Theo.jpg\",\"width\":600,\"height\":600,\"caption\":\"Chocolates Theo\"},\"image\":{\"@id\":\"https:\\\/\\\/www.chocolatestheocr.com\\\/#\\\/schema\\\/logo\\\/image\\\/\"},\"sameAs\":[\"https:\\\/\\\/www.facebook.com\\\/chocolatestheocr\",\"https:\\\/\\\/www.instagram.com\\\/chocolates_theo\\\/\",\"https:\\\/\\\/www.youtube.com\\\/channel\\\/UCcgAI69rswAd2FY1Ubvmcxw\"]}]}<\/script>\n<!-- \/ Yoast SEO plugin. -->","yoast_head_json":{"title":"Caja 25 fresas \"Feliz D\u00eda Pap\u00e1\" \/ Regalo \/ Chocolates Theo \/ D\u00eda del Padre","description":"Detalle D\u00eda del Padre \/ Regalo \/ Chocolates Theo \/ Pap\u00e1 \/ Celebraci\u00f3n \/ Costa Rica \/ Fresas con chocolate \/ Doradas \/","robots":{"index":"index","follow":"follow","max-snippet":"max-snippet:-1","max-image-preview":"max-image-preview:large","max-video-preview":"max-video-preview:-1"},"canonical":"https:\/\/www.chocolatestheocr.com\/en\/shop\/fechas-especiales\/dia-del-padre\/caja-25-fresas-feliz-dia-papa\/","og_locale":"en_US","og_type":"article","og_title":"Caja 25 fresas \"Feliz D\u00eda Pap\u00e1\" \/ Regalo \/ Chocolates Theo \/ D\u00eda del Padre","og_description":"Detalle D\u00eda del Padre \/ Regalo \/ Chocolates Theo \/ Pap\u00e1 \/ Celebraci\u00f3n \/ Costa Rica \/ Fresas con chocolate \/ Doradas \/","og_url":"https:\/\/www.chocolatestheocr.com\/en\/shop\/fechas-especiales\/dia-del-padre\/caja-25-fresas-feliz-dia-papa\/","og_site_name":"Chocolates Theo","article_publisher":"https:\/\/www.facebook.com\/chocolatestheocr","article_modified_time":"2025-10-13T16:14:38+00:00","og_image":[{"width":600,"height":800,"url":"https:\/\/www.chocolatestheocr.com\/wp-content\/uploads\/2022\/06\/Caja-25-fresas-_Feliz-di\u0301a-Papa\u0301_.jpg","type":"image\/jpeg"}],"twitter_card":"summary_large_image","twitter_misc":{"Est. reading time":"1 minute"},"schema":{"@context":"https:\/\/schema.org","@graph":[{"@type":"WebPage","@id":"https:\/\/www.chocolatestheocr.com\/shop\/fechas-especiales\/dia-del-padre\/caja-25-fresas-feliz-dia-papa\/","url":"https:\/\/www.chocolatestheocr.com\/shop\/fechas-especiales\/dia-del-padre\/caja-25-fresas-feliz-dia-papa\/","name":"Caja 25 fresas \"Feliz D\u00eda Pap\u00e1\" \/ Regalo \/ Chocolates Theo \/ D\u00eda del Padre","isPartOf":{"@id":"https:\/\/www.chocolatestheocr.com\/#website"},"primaryImageOfPage":{"@id":"https:\/\/www.chocolatestheocr.com\/shop\/fechas-especiales\/dia-del-padre\/caja-25-fresas-feliz-dia-papa\/#primaryimage"},"image":{"@id":"https:\/\/www.chocolatestheocr.com\/shop\/fechas-especiales\/dia-del-padre\/caja-25-fresas-feliz-dia-papa\/#primaryimage"},"thumbnailUrl":"https:\/\/www.chocolatestheocr.com\/wp-content\/uploads\/2022\/06\/Caja-25-fresas-_Feliz-di\u0301a-Papa\u0301_.jpg","datePublished":"2022-06-02T06:11:51+00:00","dateModified":"2025-10-13T16:14:38+00:00","description":"Detalle D\u00eda del Padre \/ Regalo \/ Chocolates Theo \/ Pap\u00e1 \/ Celebraci\u00f3n \/ Costa Rica \/ Fresas con chocolate \/ Doradas \/","breadcrumb":{"@id":"https:\/\/www.chocolatestheocr.com\/shop\/fechas-especiales\/dia-del-padre\/caja-25-fresas-feliz-dia-papa\/#breadcrumb"},"inLanguage":"en-US","potentialAction":[{"@type":"ReadAction","target":["https:\/\/www.chocolatestheocr.com\/shop\/fechas-especiales\/dia-del-padre\/caja-25-fresas-feliz-dia-papa\/"]}]},{"@type":"ImageObject","inLanguage":"en-US","@id":"https:\/\/www.chocolatestheocr.com\/shop\/fechas-especiales\/dia-del-padre\/caja-25-fresas-feliz-dia-papa\/#primaryimage","url":"https:\/\/www.chocolatestheocr.com\/wp-content\/uploads\/2022\/06\/Caja-25-fresas-_Feliz-di\u0301a-Papa\u0301_.jpg","contentUrl":"https:\/\/www.chocolatestheocr.com\/wp-content\/uploads\/2022\/06\/Caja-25-fresas-_Feliz-di\u0301a-Papa\u0301_.jpg","width":600,"height":800,"caption":"Caja 25 fresas _Feliz di\u0301a Papa\u0301_"},{"@type":"BreadcrumbList","@id":"https:\/\/www.chocolatestheocr.com\/shop\/fechas-especiales\/dia-del-padre\/caja-25-fresas-feliz-dia-papa\/#breadcrumb","itemListElement":[{"@type":"ListItem","position":1,"name":"Portada","item":"https:\/\/www.chocolatestheocr.com\/"},{"@type":"ListItem","position":2,"name":"Tienda","item":"https:\/\/www.chocolatestheocr.com\/shop\/"},{"@type":"ListItem","position":3,"name":"Caja 25 fresas &#8220;Feliz D\u00eda Pap\u00e1&#8221;"}]},{"@type":"WebSite","@id":"https:\/\/www.chocolatestheocr.com\/#website","url":"https:\/\/www.chocolatestheocr.com\/","name":"Chocolates Theo","description":"","publisher":{"@id":"https:\/\/www.chocolatestheocr.com\/#organization"},"potentialAction":[{"@type":"SearchAction","target":{"@type":"EntryPoint","urlTemplate":"https:\/\/www.chocolatestheocr.com\/?s={search_term_string}"},"query-input":{"@type":"PropertyValueSpecification","valueRequired":true,"valueName":"search_term_string"}}],"inLanguage":"en-US"},{"@type":"Organization","@id":"https:\/\/www.chocolatestheocr.com\/#organization","name":"Chocolates Theo","url":"https:\/\/www.chocolatestheocr.com\/","logo":{"@type":"ImageObject","inLanguage":"en-US","@id":"https:\/\/www.chocolatestheocr.com\/#\/schema\/logo\/image\/","url":"https:\/\/www.chocolatestheocr.com\/wp-content\/uploads\/2021\/10\/Logo-Chocolates-Theo.jpg","contentUrl":"https:\/\/www.chocolatestheocr.com\/wp-content\/uploads\/2021\/10\/Logo-Chocolates-Theo.jpg","width":600,"height":600,"caption":"Chocolates Theo"},"image":{"@id":"https:\/\/www.chocolatestheocr.com\/#\/schema\/logo\/image\/"},"sameAs":["https:\/\/www.facebook.com\/chocolatestheocr","https:\/\/www.instagram.com\/chocolates_theo\/","https:\/\/www.youtube.com\/channel\/UCcgAI69rswAd2FY1Ubvmcxw"]}]}},"_links":{"self":[{"href":"https:\/\/www.chocolatestheocr.com\/en\/wp-json\/wp\/v2\/product\/10577","targetHints":{"allow":["GET"]}}],"collection":[{"href":"https:\/\/www.chocolatestheocr.com\/en\/wp-json\/wp\/v2\/product"}],"about":[{"href":"https:\/\/www.chocolatestheocr.com\/en\/wp-json\/wp\/v2\/types\/product"}],"version-history":[{"count":0,"href":"https:\/\/www.chocolatestheocr.com\/en\/wp-json\/wp\/v2\/product\/10577\/revisions"}],"wp:featuredmedia":[{"embeddable":true,"href":"https:\/\/www.chocolatestheocr.com\/en\/wp-json\/wp\/v2\/media\/10580"}],"wp:attachment":[{"href":"https:\/\/www.chocolatestheocr.com\/en\/wp-json\/wp\/v2\/media?parent=10577"}],"wp:term":[{"taxonomy":"product_brand","embeddable":true,"href":"https:\/\/www.chocolatestheocr.com\/en\/wp-json\/wp\/v2\/product_brand?post=10577"},{"taxonomy":"product_cat","embeddable":true,"href":"https:\/\/www.chocolatestheocr.com\/en\/wp-json\/wp\/v2\/product_cat?post=10577"},{"taxonomy":"product_tag","embeddable":true,"href":"https:\/\/www.chocolatestheocr.com\/en\/wp-json\/wp\/v2\/product_tag?post=10577"}],"curies":[{"name":"wp","href":"https:\/\/api.w.org\/{rel}","templated":true}]}}