{"id":10371,"date":"2022-04-25T15:36:43","date_gmt":"2022-04-25T21:36:43","guid":{"rendered":"https:\/\/www.chocolatestheocr.com\/?post_type=product&#038;p=10371"},"modified":"2025-10-13T11:42:31","modified_gmt":"2025-10-13T17:42:31","slug":"corazon-con-rosas-y-fresas-con-chocolate","status":"publish","type":"product","link":"https:\/\/www.chocolatestheocr.com\/en\/shop\/all\/corazon-con-rosas-y-fresas-con-chocolate\/","title":{"rendered":"Coraz\u00f3n con Rosas y Fresas con Chocolate"},"content":{"rendered":"<p>Arreglo en base de coraz\u00f3n con 14 <a href=\"https:\/\/regalostheo.com\/product\/corazon-con-rosas-rojas-y-baileys\/\">rosas rojas<\/a> y 11 <a href=\"https:\/\/www.chocolatestheocr.com\/en\/product\/caja-con-fresas-con-chocolate-blanco-con-corazoncitos-y-mini-baileys\/\">fresas cubiertas con chocolate blanco.<\/a><\/p>","protected":false},"excerpt":{"rendered":"<p>Arreglo en base de coraz\u00f3n con 14 <a href=\"https:\/\/regalostheo.com\/product\/corazon-con-rosas-rojas-y-baileys\/\">rosas rojas<\/a> y 11 <a href=\"https:\/\/www.chocolatestheocr.com\/en\/product\/caja-con-fresas-con-chocolate-blanco-con-corazoncitos-y-mini-baileys\/\">fresas cubiertas con chocolate blanco.<\/a><\/p>","protected":false},"featured_media":10372,"template":"","meta":[],"product_brand":[361],"product_cat":[372,441,41],"product_tag":[150,146,156,132],"class_list":{"0":"post-10371","1":"product","2":"type-product","3":"status-publish","4":"has-post-thumbnail","6":"product_brand-chocolates-theo","7":"product_cat-flores-y-fresas-con-chocolate","8":"product_cat-floristeria-flores","9":"product_cat-all","10":"product_tag-corazon","11":"product_tag-flores","12":"product_tag-fresas-con-chocolate","13":"product_tag-rosas","15":"first","16":"instock","17":"featured","18":"shipping-taxable","19":"purchasable","20":"product-type-simple"},"yoast_head":"<!-- This site is optimized with the Yoast SEO plugin v27.3 - https:\/\/yoast.com\/product\/yoast-seo-wordpress\/ -->\n<title>Coraz\u00f3n con Rosas y Fresas con Chocolate<\/title>\n<meta name=\"description\" content=\"Arreglo en base de coraz\u00f3n con 14 rosas rojas y 11 fresas cubiertas con chocolate blanco. Chocolates Theo. Servicio de env\u00edo.\" \/>\n<meta name=\"robots\" content=\"index, follow, max-snippet:-1, max-image-preview:large, max-video-preview:-1\" \/>\n<link rel=\"canonical\" href=\"https:\/\/www.chocolatestheocr.com\/en\/shop\/all\/corazon-con-rosas-y-fresas-con-chocolate\/\" \/>\n<meta property=\"og:locale\" content=\"en_US\" \/>\n<meta property=\"og:type\" content=\"article\" \/>\n<meta property=\"og:title\" content=\"Coraz\u00f3n con Rosas y Fresas con Chocolate\" \/>\n<meta property=\"og:description\" content=\"Arreglo en base de coraz\u00f3n con 14 rosas rojas y 11 fresas cubiertas con chocolate blanco. Chocolates Theo. Servicio de env\u00edo.\" \/>\n<meta property=\"og:url\" content=\"https:\/\/www.chocolatestheocr.com\/en\/shop\/all\/corazon-con-rosas-y-fresas-con-chocolate\/\" \/>\n<meta property=\"og:site_name\" content=\"Chocolates Theo\" \/>\n<meta property=\"article:publisher\" content=\"https:\/\/www.facebook.com\/chocolatestheocr\" \/>\n<meta property=\"article:modified_time\" content=\"2025-10-13T17:42:31+00:00\" \/>\n<meta property=\"og:image\" content=\"https:\/\/www.chocolatestheocr.com\/wp-content\/uploads\/2022\/04\/14-rosas-rojas-y-11-fresas-blancas-45000.webp\" \/>\n\t<meta property=\"og:image:width\" content=\"709\" \/>\n\t<meta property=\"og:image:height\" content=\"632\" \/>\n\t<meta property=\"og:image:type\" content=\"image\/webp\" \/>\n<meta name=\"twitter:card\" content=\"summary_large_image\" \/>\n<meta name=\"twitter:label1\" content=\"Est. reading time\" \/>\n\t<meta name=\"twitter:data1\" content=\"1 minute\" \/>\n<script type=\"application\/ld+json\" class=\"yoast-schema-graph\">{\"@context\":\"https:\\\/\\\/schema.org\",\"@graph\":[{\"@type\":\"WebPage\",\"@id\":\"https:\\\/\\\/www.chocolatestheocr.com\\\/shop\\\/all\\\/corazon-con-rosas-y-fresas-con-chocolate\\\/\",\"url\":\"https:\\\/\\\/www.chocolatestheocr.com\\\/shop\\\/all\\\/corazon-con-rosas-y-fresas-con-chocolate\\\/\",\"name\":\"Coraz\u00f3n con Rosas y Fresas con Chocolate\",\"isPartOf\":{\"@id\":\"https:\\\/\\\/www.chocolatestheocr.com\\\/#website\"},\"primaryImageOfPage\":{\"@id\":\"https:\\\/\\\/www.chocolatestheocr.com\\\/shop\\\/all\\\/corazon-con-rosas-y-fresas-con-chocolate\\\/#primaryimage\"},\"image\":{\"@id\":\"https:\\\/\\\/www.chocolatestheocr.com\\\/shop\\\/all\\\/corazon-con-rosas-y-fresas-con-chocolate\\\/#primaryimage\"},\"thumbnailUrl\":\"https:\\\/\\\/www.chocolatestheocr.com\\\/wp-content\\\/uploads\\\/2022\\\/04\\\/14-rosas-rojas-y-11-fresas-blancas-45000.webp\",\"datePublished\":\"2022-04-25T21:36:43+00:00\",\"dateModified\":\"2025-10-13T17:42:31+00:00\",\"description\":\"Arreglo en base de coraz\u00f3n con 14 rosas rojas y 11 fresas cubiertas con chocolate blanco. Chocolates Theo. Servicio de env\u00edo.\",\"breadcrumb\":{\"@id\":\"https:\\\/\\\/www.chocolatestheocr.com\\\/shop\\\/all\\\/corazon-con-rosas-y-fresas-con-chocolate\\\/#breadcrumb\"},\"inLanguage\":\"en-US\",\"potentialAction\":[{\"@type\":\"ReadAction\",\"target\":[\"https:\\\/\\\/www.chocolatestheocr.com\\\/shop\\\/all\\\/corazon-con-rosas-y-fresas-con-chocolate\\\/\"]}]},{\"@type\":\"ImageObject\",\"inLanguage\":\"en-US\",\"@id\":\"https:\\\/\\\/www.chocolatestheocr.com\\\/shop\\\/all\\\/corazon-con-rosas-y-fresas-con-chocolate\\\/#primaryimage\",\"url\":\"https:\\\/\\\/www.chocolatestheocr.com\\\/wp-content\\\/uploads\\\/2022\\\/04\\\/14-rosas-rojas-y-11-fresas-blancas-45000.webp\",\"contentUrl\":\"https:\\\/\\\/www.chocolatestheocr.com\\\/wp-content\\\/uploads\\\/2022\\\/04\\\/14-rosas-rojas-y-11-fresas-blancas-45000.webp\",\"width\":709,\"height\":632,\"caption\":\"Coraz\u00f3n con Rosas y Fresas con Chocolate\"},{\"@type\":\"BreadcrumbList\",\"@id\":\"https:\\\/\\\/www.chocolatestheocr.com\\\/shop\\\/all\\\/corazon-con-rosas-y-fresas-con-chocolate\\\/#breadcrumb\",\"itemListElement\":[{\"@type\":\"ListItem\",\"position\":1,\"name\":\"Portada\",\"item\":\"https:\\\/\\\/www.chocolatestheocr.com\\\/\"},{\"@type\":\"ListItem\",\"position\":2,\"name\":\"Tienda\",\"item\":\"https:\\\/\\\/www.chocolatestheocr.com\\\/shop\\\/\"},{\"@type\":\"ListItem\",\"position\":3,\"name\":\"Coraz\u00f3n con Rosas y Fresas con Chocolate\"}]},{\"@type\":\"WebSite\",\"@id\":\"https:\\\/\\\/www.chocolatestheocr.com\\\/#website\",\"url\":\"https:\\\/\\\/www.chocolatestheocr.com\\\/\",\"name\":\"Chocolates Theo\",\"description\":\"\",\"publisher\":{\"@id\":\"https:\\\/\\\/www.chocolatestheocr.com\\\/#organization\"},\"potentialAction\":[{\"@type\":\"SearchAction\",\"target\":{\"@type\":\"EntryPoint\",\"urlTemplate\":\"https:\\\/\\\/www.chocolatestheocr.com\\\/?s={search_term_string}\"},\"query-input\":{\"@type\":\"PropertyValueSpecification\",\"valueRequired\":true,\"valueName\":\"search_term_string\"}}],\"inLanguage\":\"en-US\"},{\"@type\":\"Organization\",\"@id\":\"https:\\\/\\\/www.chocolatestheocr.com\\\/#organization\",\"name\":\"Chocolates Theo\",\"url\":\"https:\\\/\\\/www.chocolatestheocr.com\\\/\",\"logo\":{\"@type\":\"ImageObject\",\"inLanguage\":\"en-US\",\"@id\":\"https:\\\/\\\/www.chocolatestheocr.com\\\/#\\\/schema\\\/logo\\\/image\\\/\",\"url\":\"https:\\\/\\\/www.chocolatestheocr.com\\\/wp-content\\\/uploads\\\/2021\\\/10\\\/Logo-Chocolates-Theo.jpg\",\"contentUrl\":\"https:\\\/\\\/www.chocolatestheocr.com\\\/wp-content\\\/uploads\\\/2021\\\/10\\\/Logo-Chocolates-Theo.jpg\",\"width\":600,\"height\":600,\"caption\":\"Chocolates Theo\"},\"image\":{\"@id\":\"https:\\\/\\\/www.chocolatestheocr.com\\\/#\\\/schema\\\/logo\\\/image\\\/\"},\"sameAs\":[\"https:\\\/\\\/www.facebook.com\\\/chocolatestheocr\",\"https:\\\/\\\/www.instagram.com\\\/chocolates_theo\\\/\",\"https:\\\/\\\/www.youtube.com\\\/channel\\\/UCcgAI69rswAd2FY1Ubvmcxw\"]}]}<\/script>\n<!-- \/ Yoast SEO plugin. -->","yoast_head_json":{"title":"Coraz\u00f3n con Rosas y Fresas con Chocolate","description":"Arreglo en base de coraz\u00f3n con 14 rosas rojas y 11 fresas cubiertas con chocolate blanco. Chocolates Theo. Servicio de env\u00edo.","robots":{"index":"index","follow":"follow","max-snippet":"max-snippet:-1","max-image-preview":"max-image-preview:large","max-video-preview":"max-video-preview:-1"},"canonical":"https:\/\/www.chocolatestheocr.com\/en\/shop\/all\/corazon-con-rosas-y-fresas-con-chocolate\/","og_locale":"en_US","og_type":"article","og_title":"Coraz\u00f3n con Rosas y Fresas con Chocolate","og_description":"Arreglo en base de coraz\u00f3n con 14 rosas rojas y 11 fresas cubiertas con chocolate blanco. Chocolates Theo. Servicio de env\u00edo.","og_url":"https:\/\/www.chocolatestheocr.com\/en\/shop\/all\/corazon-con-rosas-y-fresas-con-chocolate\/","og_site_name":"Chocolates Theo","article_publisher":"https:\/\/www.facebook.com\/chocolatestheocr","article_modified_time":"2025-10-13T17:42:31+00:00","og_image":[{"width":709,"height":632,"url":"https:\/\/www.chocolatestheocr.com\/wp-content\/uploads\/2022\/04\/14-rosas-rojas-y-11-fresas-blancas-45000.webp","type":"image\/webp"}],"twitter_card":"summary_large_image","twitter_misc":{"Est. reading time":"1 minute"},"schema":{"@context":"https:\/\/schema.org","@graph":[{"@type":"WebPage","@id":"https:\/\/www.chocolatestheocr.com\/shop\/all\/corazon-con-rosas-y-fresas-con-chocolate\/","url":"https:\/\/www.chocolatestheocr.com\/shop\/all\/corazon-con-rosas-y-fresas-con-chocolate\/","name":"Coraz\u00f3n con Rosas y Fresas con Chocolate","isPartOf":{"@id":"https:\/\/www.chocolatestheocr.com\/#website"},"primaryImageOfPage":{"@id":"https:\/\/www.chocolatestheocr.com\/shop\/all\/corazon-con-rosas-y-fresas-con-chocolate\/#primaryimage"},"image":{"@id":"https:\/\/www.chocolatestheocr.com\/shop\/all\/corazon-con-rosas-y-fresas-con-chocolate\/#primaryimage"},"thumbnailUrl":"https:\/\/www.chocolatestheocr.com\/wp-content\/uploads\/2022\/04\/14-rosas-rojas-y-11-fresas-blancas-45000.webp","datePublished":"2022-04-25T21:36:43+00:00","dateModified":"2025-10-13T17:42:31+00:00","description":"Arreglo en base de coraz\u00f3n con 14 rosas rojas y 11 fresas cubiertas con chocolate blanco. Chocolates Theo. Servicio de env\u00edo.","breadcrumb":{"@id":"https:\/\/www.chocolatestheocr.com\/shop\/all\/corazon-con-rosas-y-fresas-con-chocolate\/#breadcrumb"},"inLanguage":"en-US","potentialAction":[{"@type":"ReadAction","target":["https:\/\/www.chocolatestheocr.com\/shop\/all\/corazon-con-rosas-y-fresas-con-chocolate\/"]}]},{"@type":"ImageObject","inLanguage":"en-US","@id":"https:\/\/www.chocolatestheocr.com\/shop\/all\/corazon-con-rosas-y-fresas-con-chocolate\/#primaryimage","url":"https:\/\/www.chocolatestheocr.com\/wp-content\/uploads\/2022\/04\/14-rosas-rojas-y-11-fresas-blancas-45000.webp","contentUrl":"https:\/\/www.chocolatestheocr.com\/wp-content\/uploads\/2022\/04\/14-rosas-rojas-y-11-fresas-blancas-45000.webp","width":709,"height":632,"caption":"Coraz\u00f3n con Rosas y Fresas con Chocolate"},{"@type":"BreadcrumbList","@id":"https:\/\/www.chocolatestheocr.com\/shop\/all\/corazon-con-rosas-y-fresas-con-chocolate\/#breadcrumb","itemListElement":[{"@type":"ListItem","position":1,"name":"Portada","item":"https:\/\/www.chocolatestheocr.com\/"},{"@type":"ListItem","position":2,"name":"Tienda","item":"https:\/\/www.chocolatestheocr.com\/shop\/"},{"@type":"ListItem","position":3,"name":"Coraz\u00f3n con Rosas y Fresas con Chocolate"}]},{"@type":"WebSite","@id":"https:\/\/www.chocolatestheocr.com\/#website","url":"https:\/\/www.chocolatestheocr.com\/","name":"Chocolates Theo","description":"","publisher":{"@id":"https:\/\/www.chocolatestheocr.com\/#organization"},"potentialAction":[{"@type":"SearchAction","target":{"@type":"EntryPoint","urlTemplate":"https:\/\/www.chocolatestheocr.com\/?s={search_term_string}"},"query-input":{"@type":"PropertyValueSpecification","valueRequired":true,"valueName":"search_term_string"}}],"inLanguage":"en-US"},{"@type":"Organization","@id":"https:\/\/www.chocolatestheocr.com\/#organization","name":"Chocolates Theo","url":"https:\/\/www.chocolatestheocr.com\/","logo":{"@type":"ImageObject","inLanguage":"en-US","@id":"https:\/\/www.chocolatestheocr.com\/#\/schema\/logo\/image\/","url":"https:\/\/www.chocolatestheocr.com\/wp-content\/uploads\/2021\/10\/Logo-Chocolates-Theo.jpg","contentUrl":"https:\/\/www.chocolatestheocr.com\/wp-content\/uploads\/2021\/10\/Logo-Chocolates-Theo.jpg","width":600,"height":600,"caption":"Chocolates Theo"},"image":{"@id":"https:\/\/www.chocolatestheocr.com\/#\/schema\/logo\/image\/"},"sameAs":["https:\/\/www.facebook.com\/chocolatestheocr","https:\/\/www.instagram.com\/chocolates_theo\/","https:\/\/www.youtube.com\/channel\/UCcgAI69rswAd2FY1Ubvmcxw"]}]}},"_links":{"self":[{"href":"https:\/\/www.chocolatestheocr.com\/en\/wp-json\/wp\/v2\/product\/10371","targetHints":{"allow":["GET"]}}],"collection":[{"href":"https:\/\/www.chocolatestheocr.com\/en\/wp-json\/wp\/v2\/product"}],"about":[{"href":"https:\/\/www.chocolatestheocr.com\/en\/wp-json\/wp\/v2\/types\/product"}],"version-history":[{"count":0,"href":"https:\/\/www.chocolatestheocr.com\/en\/wp-json\/wp\/v2\/product\/10371\/revisions"}],"wp:featuredmedia":[{"embeddable":true,"href":"https:\/\/www.chocolatestheocr.com\/en\/wp-json\/wp\/v2\/media\/10372"}],"wp:attachment":[{"href":"https:\/\/www.chocolatestheocr.com\/en\/wp-json\/wp\/v2\/media?parent=10371"}],"wp:term":[{"taxonomy":"product_brand","embeddable":true,"href":"https:\/\/www.chocolatestheocr.com\/en\/wp-json\/wp\/v2\/product_brand?post=10371"},{"taxonomy":"product_cat","embeddable":true,"href":"https:\/\/www.chocolatestheocr.com\/en\/wp-json\/wp\/v2\/product_cat?post=10371"},{"taxonomy":"product_tag","embeddable":true,"href":"https:\/\/www.chocolatestheocr.com\/en\/wp-json\/wp\/v2\/product_tag?post=10371"}],"curies":[{"name":"wp","href":"https:\/\/api.w.org\/{rel}","templated":true}]}}