{"id":1572,"date":"2018-10-17T03:25:55","date_gmt":"2018-10-17T09:25:55","guid":{"rendered":"http:\/\/source.wpopal.com\/auros\/?page_id=1572"},"modified":"2024-10-21T20:16:25","modified_gmt":"2024-10-22T02:16:25","slug":"term-conditions","status":"publish","type":"page","link":"https:\/\/www.chocolatestheocr.com\/en\/term-conditions\/","title":{"rendered":"T\u00e9rminos y Condiciones"},"content":{"rendered":"<div data-elementor-type=\"wp-post\" data-elementor-id=\"1572\" class=\"elementor elementor-1572\">\n\t\t\t\t\t\t<section class=\"elementor-section elementor-top-section elementor-element elementor-element-b747206 elementor-section-boxed elementor-section-height-default elementor-section-height-default\" data-id=\"b747206\" data-element_type=\"section\" data-e-type=\"section\">\n\t\t\t\t\t\t<div class=\"elementor-container elementor-column-gap-default\">\n\t\t\t\t\t<div class=\"elementor-column elementor-col-100 elementor-top-column elementor-element elementor-element-fe7d93d\" data-id=\"fe7d93d\" data-element_type=\"column\" data-e-type=\"column\">\n\t\t\t<div class=\"elementor-widget-wrap elementor-element-populated\">\n\t\t\t\t\t\t<div class=\"elementor-element elementor-element-27e3ffd elementor-widget elementor-widget-image\" data-id=\"27e3ffd\" data-element_type=\"widget\" data-e-type=\"widget\" data-widget_type=\"image.default\">\n\t\t\t\t<div class=\"elementor-widget-container\">\n\t\t\t\t\t        <div class=\"elementor-image\">\n                                                <img fetchpriority=\"high\" decoding=\"async\" width=\"600\" height=\"150\" src=\"https:\/\/www.chocolatestheocr.com\/wp-content\/smush-webp\/2024\/01\/compra-1024x256.png.webp\" class=\"attachment-large size-large wp-image-14135\" alt=\"compra\" srcset=\"https:\/\/www.chocolatestheocr.com\/wp-content\/smush-webp\/2024\/01\/compra-1024x256.png.webp 1024w, https:\/\/www.chocolatestheocr.com\/wp-content\/smush-webp\/2024\/01\/compra-300x75.png.webp 300w, https:\/\/www.chocolatestheocr.com\/wp-content\/smush-webp\/2024\/01\/compra-768x192.png.webp 768w, https:\/\/www.chocolatestheocr.com\/wp-content\/smush-webp\/2024\/01\/compra-1536x384.png.webp 1536w, https:\/\/www.chocolatestheocr.com\/wp-content\/smush-webp\/2024\/01\/compra-18x5.png.webp 18w, https:\/\/www.chocolatestheocr.com\/wp-content\/smush-webp\/2024\/01\/compra-400x100.png.webp 400w, https:\/\/www.chocolatestheocr.com\/wp-content\/smush-webp\/2024\/01\/compra-600x150.png.webp 600w, https:\/\/www.chocolatestheocr.com\/wp-content\/smush-webp\/2024\/01\/compra.png.webp 2000w\" sizes=\"(max-width: 600px) 100vw, 600px\" \/>                                                            <\/div>\n        \t\t\t\t<\/div>\n\t\t\t\t<\/div>\n\t\t\t\t\t<\/div>\n\t\t<\/div>\n\t\t\t\t\t<\/div>\n\t\t<\/section>\n\t\t\t\t<section class=\"elementor-section elementor-top-section elementor-element elementor-element-c01b0c1 elementor-section-boxed elementor-section-height-default elementor-section-height-default\" data-id=\"c01b0c1\" data-element_type=\"section\" data-e-type=\"section\" data-settings=\"{&quot;background_background&quot;:&quot;classic&quot;}\">\n\t\t\t\t\t\t<div class=\"elementor-container elementor-column-gap-no\">\n\t\t\t\t\t<div class=\"elementor-column elementor-col-100 elementor-top-column elementor-element elementor-element-9cb2588\" data-id=\"9cb2588\" data-element_type=\"column\" data-e-type=\"column\">\n\t\t\t<div class=\"elementor-widget-wrap elementor-element-populated\">\n\t\t\t\t\t\t<section class=\"elementor-section elementor-inner-section elementor-element elementor-element-0f147b7 elementor-section-boxed elementor-section-height-default elementor-section-height-default\" data-id=\"0f147b7\" data-element_type=\"section\" data-e-type=\"section\">\n\t\t\t\t\t\t<div class=\"elementor-container elementor-column-gap-no\">\n\t\t\t\t\t<div class=\"elementor-column elementor-col-100 elementor-inner-column elementor-element elementor-element-99e4e0c\" data-id=\"99e4e0c\" data-element_type=\"column\" data-e-type=\"column\">\n\t\t\t<div class=\"elementor-widget-wrap elementor-element-populated\">\n\t\t\t\t\t\t<div class=\"elementor-element elementor-element-01bbeb2 elementor-widget elementor-widget-text-editor\" data-id=\"01bbeb2\" data-element_type=\"widget\" data-e-type=\"widget\" data-widget_type=\"text-editor.default\">\n\t\t\t\t<div class=\"elementor-widget-container\">\n\t\t\t\t\t\t\t<div class=\"elementor-text-editor elementor-clearfix\"><h1><em><strong>Pol\u00edticas de compra y env\u00edo de productos<\/strong><\/em><\/h1><p><strong>*\u00a0\u00a0<\/strong>Los arreglos se hacen fieles a las im\u00e1genes de muestra, sin embargo pueden variar la cantidad de frutas de acuerdo al tama\u00f1o que tengan; Tambi\u00e9n pueden variar los colores de las bases de acuerdo a la disponibilidad que tengamos en ese momento ya que ciertos productos se agotan por momentos y para los arreglos con peluches, vinos o globos podr\u00edan cambiar ciertas caracter\u00edsticas por motivos de disponibilidad de nuestros proveedores.\u00a0<\/p><p>* Cualquier orden debe estar cancelada en su totalidad para poder empezar el proceso de fabricaci\u00f3n de la misma.\u00a0<\/p><p>*El costo del env\u00edo es variable, seg\u00fan la zona de entrega del mismo.<\/p><p>*El env\u00edo de nuestros productos se realiza en autom\u00f3viles adecuados para dicho fin, para garantizar la calidad del producto a la hora de hacer las entregas.\u00a0<\/p><p>* Para los env\u00edos es responsabilidad del cliente brindar la informaci\u00f3n correcta de nombres, direcciones y tel\u00e9fonos de las personas que reciben los arreglos y asegurarse que las personas se encuentren en estos lugares en el momento indicado para hacer las entregas.\u00a0<\/p><p>* Nuestros mensajeros podr\u00e1n esperar en los lugares un m\u00e1ximo de 15 minutos para poder contactar a las personas; En caso contrario los arreglos se devolver\u00e1n a nuestra tienda de San Pedro y es responsabilidad del cliente retirarlos en las siguientes 24 horas o hacerse cargo de los nuevos costos de env\u00edo que esto pueda implicar.<\/p><p>* Si el cliente decide no hacer el env\u00edo\u00a0 con nuestros mensajeros y en su lugar utiliza servicios de mensajer\u00eda externos como Uber o cualquier otro, nuestra empresa no se hace responsable por el producto\u00a0 o lo que pueda suceder con \u00e9l despu\u00e9s de que sale de nuestra tienda.<\/p><p>\u00a0* Si hubiese un error en la selecci\u00f3n del lugar de env\u00edo, notificaremos de inmediato al cliente para poder hacer los ajustes en los precios del mismo.<\/p><p>\u00a0* No se hacen devoluciones de dinero salvo que sea alg\u00fan error de cobro. Si por cualquier raz\u00f3n el cliente decide cancelar el pedido, el dinero podr\u00e1 ser canjeado en una futura compra o bien canjearlo por productos que igualen el monto cancelado.(<a href=\"https:\/\/www.chocolatestheocr.com\/en\/metodos-de-pago-y-devoluciones\/\">Ver pol\u00edticas de cancelaci\u00f3n<\/a>)\u00a0<\/p><p>* Los pedidos que requieren entrega el mismo d\u00eda, \u00a0deber\u00e1n hacerse antes de la 1 p.m para poder coordinar los tiempos de entrega con mensajer\u00eda; Posterior a esta hora, los pedidos quedar\u00e1n para ser entregados el d\u00eda siguiente o en la fecha indicada por el cliente.<\/p><p>\u00a0*En \u00e9pocas de temporada baja, solicitamos un rango de 2 horas en los horarios de entrega pero en temporadas altas estos rangos de hora pueden variar y deber\u00e1n ser mucho m\u00e1s amplios, de hasta 4 horas.<\/p><h2><strong>Privacidad y seguridad de los datos<\/strong><\/h2><p>Al utilizar la p\u00e1gina de\u00a0<a href=\"https:\/\/www.chocolatestheocr.com\/en\/\">https:\/\/www.chocolatestheocr.com\/<\/a>, aseg\u00farese de mantener la confidencialidad y seguridad de sus datos y de la contrase\u00f1a de su cuenta, adem\u00e1s de restringir el acceso a su computadora para evitar posibles usos no autorizados de los mismos. El usuario de esta p\u00e1gina web\u00a0asume la responsabilidad de las actividades que se generen con su cuenta y su contrase\u00f1a y de tomar todas las medidas para evitar el robo de las mismas.<\/p><p>Si en alg\u00fan momento el cliente cree que su cuenta o datos est\u00e1n siendo utilizados por terceras personas deber\u00e1 informarnos por medio del correo\u00a0<strong><u><a href=\"mailto:info@chocolatestheocr.com\">info@chocolatestheocr.com<\/a><\/u><\/strong>.<\/p><p>Los datos que el cliente suministre por medio de nuestro sitio web es informaci\u00f3n que se mantendr\u00e1 en absoluta confidencialidad y la cual se solicita para hacer entrega de los pedidos. Los datos nunca ser\u00e1n compartidos con terceras personas. El cliente al registrarse permite que Chocolates Theo utilice sus datos para enviarle promociones, regal\u00edas e informaci\u00f3n importante de la empresa.<\/p><h1><strong style=\"font-family: inherit; font-size: 1.71429rem;\">Acceso a la P\u00e1gina Web<\/strong><\/h1><p>No se puede descargar ni modificar ninguna parte del sitio\u00a0<a href=\"https:\/\/www.chocolatestheocr.com\/en\/\">https:\/\/www.chocolatestheocr.com\/<\/a>. \u00a0<\/p><p>No se autoriza el uso de contenido, productos, precios, descargas digitales o copia de informaci\u00f3n para el beneficio de terceras personas.\u00a0Se proh\u00edbe terminantemente poner un link o hiperv\u00ednculo a cualquier parte de nuestro sitio\u00a0 web\u00a0<a href=\"https:\/\/www.chocolatestheocr.com\/en\/\">https:\/\/www.chocolatestheocr.com\/<\/a>\u00a0que presente a Chocolates Theo de manera enga\u00f1osa, falsa, despectiva u ofensiva. Chocolates Theo podr\u00e1 reclamar la eliminaci\u00f3n inmediata de dicho link o hiperv\u00ednculo sin justificaci\u00f3n alguna.<\/p><p>El uso de este sitio no otorga ning\u00fan derecho respecto a la Tienda Virtual ni ning\u00fan derecho sobre los productos ofrecidos.<\/p><p>Est\u00e1 prohibido tratar de modificar la informaci\u00f3n del sitio\u00a0<a href=\"https:\/\/www.chocolatestheocr.com\/en\/\">https:\/\/www.chocolatestheocr.com\/<\/a>, as\u00ed como utilizar algunas de las im\u00e1genes que se encuentran en el sitio.<\/p><p>Chocolates Theo se reserva el derecho de modificar, ampliar, o reducir cualquier informaci\u00f3n contenida en nuestro sitio Web, sin obligaci\u00f3n de comunicar previamente a sus usuarios.<\/p><\/div>\n\t\t\t\t\t\t<\/div>\n\t\t\t\t<\/div>\n\t\t\t\t\t<\/div>\n\t\t<\/div>\n\t\t\t\t\t<\/div>\n\t\t<\/section>\n\t\t\t\t\t<\/div>\n\t\t<\/div>\n\t\t\t\t\t<\/div>\n\t\t<\/section>\n\t\t\t\t<section class=\"elementor-section elementor-top-section elementor-element elementor-element-02956a2 elementor-section-boxed elementor-section-height-default elementor-section-height-default\" data-id=\"02956a2\" data-element_type=\"section\" data-e-type=\"section\">\n\t\t\t\t\t\t<div class=\"elementor-container elementor-column-gap-default\">\n\t\t\t\t\t<div class=\"elementor-column elementor-col-100 elementor-top-column elementor-element elementor-element-8699142\" data-id=\"8699142\" data-element_type=\"column\" data-e-type=\"column\">\n\t\t\t<div class=\"elementor-widget-wrap elementor-element-populated\">\n\t\t\t\t\t\t<section class=\"elementor-section elementor-inner-section elementor-element elementor-element-87b171b elementor-section-boxed elementor-section-height-default elementor-section-height-default\" data-id=\"87b171b\" data-element_type=\"section\" data-e-type=\"section\">\n\t\t\t\t\t\t<div class=\"elementor-container elementor-column-gap-default\">\n\t\t\t\t\t<div class=\"elementor-column elementor-col-50 elementor-inner-column elementor-element elementor-element-1b1cc28\" data-id=\"1b1cc28\" data-element_type=\"column\" data-e-type=\"column\">\n\t\t\t<div class=\"elementor-widget-wrap\">\n\t\t\t\t\t\t\t<\/div>\n\t\t<\/div>\n\t\t\t\t<div class=\"elementor-column elementor-col-50 elementor-inner-column elementor-element elementor-element-3a47e4a\" data-id=\"3a47e4a\" data-element_type=\"column\" data-e-type=\"column\">\n\t\t\t<div class=\"elementor-widget-wrap\">\n\t\t\t\t\t\t\t<\/div>\n\t\t<\/div>\n\t\t\t\t\t<\/div>\n\t\t<\/section>\n\t\t\t\t\t<\/div>\n\t\t<\/div>\n\t\t\t\t\t<\/div>\n\t\t<\/section>\n\t\t\t\t<\/div>","protected":false},"excerpt":{"rendered":"<p>Pol\u00edticas de compra y env\u00edo de productos *\u00a0\u00a0Los arreglos se hacen fieles a las im\u00e1genes de muestra, sin embargo pueden variar la cantidad de frutas de acuerdo al tama\u00f1o que tengan; Tambi\u00e9n pueden variar los colores de las bases de acuerdo a la disponibilidad que tengamos en ese momento ya que ciertos productos se agotan &hellip; <\/p>\n<p class=\"link-more\"><a href=\"https:\/\/www.chocolatestheocr.com\/en\/term-conditions\/\" class=\"more-link\">Read More <span class=\"screen-reader-text\"> &#8220;T\u00e9rminos y Condiciones&#8221;<\/span><\/a><\/p>","protected":false},"author":1,"featured_media":0,"parent":0,"menu_order":0,"comment_status":"closed","ping_status":"closed","template":"","meta":{"footnotes":""},"class_list":["post-1572","page","type-page","status-publish","hentry"],"yoast_head":"<!-- This site is optimized with the Yoast SEO plugin v27.3 - https:\/\/yoast.com\/product\/yoast-seo-wordpress\/ -->\n<title>T\u00e9rminos y Condiciones<\/title>\n<meta name=\"description\" content=\"Pol\u00edticas de compra y env\u00edo de productos*\u00a0\u00a0Los arreglos se hacen fieles a las im\u00e1genes de muestra, sin embargo pueden variar la cantidad de frutas de\" \/>\n<meta name=\"robots\" content=\"index, follow, max-snippet:-1, max-image-preview:large, max-video-preview:-1\" \/>\n<link rel=\"canonical\" href=\"https:\/\/www.chocolatestheocr.com\/en\/term-conditions\/\" \/>\n<meta property=\"og:locale\" content=\"en_US\" \/>\n<meta property=\"og:type\" content=\"article\" \/>\n<meta property=\"og:title\" content=\"T\u00e9rminos y Condiciones\" \/>\n<meta property=\"og:description\" content=\"Pol\u00edticas de compra y env\u00edo de productos*\u00a0\u00a0Los arreglos se hacen fieles a las im\u00e1genes de muestra, sin embargo pueden variar la cantidad de frutas de\" \/>\n<meta property=\"og:url\" content=\"https:\/\/www.chocolatestheocr.com\/en\/term-conditions\/\" \/>\n<meta property=\"og:site_name\" content=\"Chocolates Theo\" \/>\n<meta property=\"article:publisher\" content=\"https:\/\/www.facebook.com\/chocolatestheocr\" \/>\n<meta property=\"article:modified_time\" content=\"2024-10-22T02:16:25+00:00\" \/>\n<meta property=\"og:image\" content=\"https:\/\/www.chocolatestheocr.com\/wp-content\/uploads\/2024\/01\/compra-1024x256.png\" \/>\n<meta name=\"twitter:card\" content=\"summary_large_image\" \/>\n<meta name=\"twitter:label1\" content=\"Est. reading time\" \/>\n\t<meta name=\"twitter:data1\" content=\"4 minutes\" \/>\n<script type=\"application\/ld+json\" class=\"yoast-schema-graph\">{\"@context\":\"https:\\\/\\\/schema.org\",\"@graph\":[{\"@type\":\"WebPage\",\"@id\":\"https:\\\/\\\/www.chocolatestheocr.com\\\/term-conditions\\\/\",\"url\":\"https:\\\/\\\/www.chocolatestheocr.com\\\/term-conditions\\\/\",\"name\":\"T\u00e9rminos y Condiciones\",\"isPartOf\":{\"@id\":\"https:\\\/\\\/www.chocolatestheocr.com\\\/#website\"},\"primaryImageOfPage\":{\"@id\":\"https:\\\/\\\/www.chocolatestheocr.com\\\/term-conditions\\\/#primaryimage\"},\"image\":{\"@id\":\"https:\\\/\\\/www.chocolatestheocr.com\\\/term-conditions\\\/#primaryimage\"},\"thumbnailUrl\":\"https:\\\/\\\/www.chocolatestheocr.com\\\/wp-content\\\/uploads\\\/2024\\\/01\\\/compra-1024x256.png\",\"datePublished\":\"2018-10-17T09:25:55+00:00\",\"dateModified\":\"2024-10-22T02:16:25+00:00\",\"description\":\"Pol\u00edticas de compra y env\u00edo de productos*\u00a0\u00a0Los arreglos se hacen fieles a las im\u00e1genes de muestra, sin embargo pueden variar la cantidad de frutas de\",\"breadcrumb\":{\"@id\":\"https:\\\/\\\/www.chocolatestheocr.com\\\/term-conditions\\\/#breadcrumb\"},\"inLanguage\":\"en-US\",\"potentialAction\":[{\"@type\":\"ReadAction\",\"target\":[\"https:\\\/\\\/www.chocolatestheocr.com\\\/term-conditions\\\/\"]}]},{\"@type\":\"ImageObject\",\"inLanguage\":\"en-US\",\"@id\":\"https:\\\/\\\/www.chocolatestheocr.com\\\/term-conditions\\\/#primaryimage\",\"url\":\"https:\\\/\\\/www.chocolatestheocr.com\\\/wp-content\\\/uploads\\\/2024\\\/01\\\/compra-1024x256.png\",\"contentUrl\":\"https:\\\/\\\/www.chocolatestheocr.com\\\/wp-content\\\/uploads\\\/2024\\\/01\\\/compra-1024x256.png\"},{\"@type\":\"BreadcrumbList\",\"@id\":\"https:\\\/\\\/www.chocolatestheocr.com\\\/term-conditions\\\/#breadcrumb\",\"itemListElement\":[{\"@type\":\"ListItem\",\"position\":1,\"name\":\"Portada\",\"item\":\"https:\\\/\\\/www.chocolatestheocr.com\\\/\"},{\"@type\":\"ListItem\",\"position\":2,\"name\":\"T\u00e9rminos y Condiciones\"}]},{\"@type\":\"WebSite\",\"@id\":\"https:\\\/\\\/www.chocolatestheocr.com\\\/#website\",\"url\":\"https:\\\/\\\/www.chocolatestheocr.com\\\/\",\"name\":\"Chocolates Theo\",\"description\":\"\",\"publisher\":{\"@id\":\"https:\\\/\\\/www.chocolatestheocr.com\\\/#organization\"},\"potentialAction\":[{\"@type\":\"SearchAction\",\"target\":{\"@type\":\"EntryPoint\",\"urlTemplate\":\"https:\\\/\\\/www.chocolatestheocr.com\\\/?s={search_term_string}\"},\"query-input\":{\"@type\":\"PropertyValueSpecification\",\"valueRequired\":true,\"valueName\":\"search_term_string\"}}],\"inLanguage\":\"en-US\"},{\"@type\":\"Organization\",\"@id\":\"https:\\\/\\\/www.chocolatestheocr.com\\\/#organization\",\"name\":\"Chocolates Theo\",\"url\":\"https:\\\/\\\/www.chocolatestheocr.com\\\/\",\"logo\":{\"@type\":\"ImageObject\",\"inLanguage\":\"en-US\",\"@id\":\"https:\\\/\\\/www.chocolatestheocr.com\\\/#\\\/schema\\\/logo\\\/image\\\/\",\"url\":\"https:\\\/\\\/www.chocolatestheocr.com\\\/wp-content\\\/uploads\\\/2021\\\/10\\\/Logo-Chocolates-Theo.jpg\",\"contentUrl\":\"https:\\\/\\\/www.chocolatestheocr.com\\\/wp-content\\\/uploads\\\/2021\\\/10\\\/Logo-Chocolates-Theo.jpg\",\"width\":600,\"height\":600,\"caption\":\"Chocolates Theo\"},\"image\":{\"@id\":\"https:\\\/\\\/www.chocolatestheocr.com\\\/#\\\/schema\\\/logo\\\/image\\\/\"},\"sameAs\":[\"https:\\\/\\\/www.facebook.com\\\/chocolatestheocr\",\"https:\\\/\\\/www.instagram.com\\\/chocolates_theo\\\/\",\"https:\\\/\\\/www.youtube.com\\\/channel\\\/UCcgAI69rswAd2FY1Ubvmcxw\"]}]}<\/script>\n<!-- \/ Yoast SEO plugin. -->","yoast_head_json":{"title":"T\u00e9rminos y Condiciones","description":"Pol\u00edticas de compra y env\u00edo de productos*\u00a0\u00a0Los arreglos se hacen fieles a las im\u00e1genes de muestra, sin embargo pueden variar la cantidad de frutas de","robots":{"index":"index","follow":"follow","max-snippet":"max-snippet:-1","max-image-preview":"max-image-preview:large","max-video-preview":"max-video-preview:-1"},"canonical":"https:\/\/www.chocolatestheocr.com\/en\/term-conditions\/","og_locale":"en_US","og_type":"article","og_title":"T\u00e9rminos y Condiciones","og_description":"Pol\u00edticas de compra y env\u00edo de productos*\u00a0\u00a0Los arreglos se hacen fieles a las im\u00e1genes de muestra, sin embargo pueden variar la cantidad de frutas de","og_url":"https:\/\/www.chocolatestheocr.com\/en\/term-conditions\/","og_site_name":"Chocolates Theo","article_publisher":"https:\/\/www.facebook.com\/chocolatestheocr","article_modified_time":"2024-10-22T02:16:25+00:00","og_image":[{"url":"https:\/\/www.chocolatestheocr.com\/wp-content\/uploads\/2024\/01\/compra-1024x256.png","type":"","width":"","height":""}],"twitter_card":"summary_large_image","twitter_misc":{"Est. reading time":"4 minutes"},"schema":{"@context":"https:\/\/schema.org","@graph":[{"@type":"WebPage","@id":"https:\/\/www.chocolatestheocr.com\/term-conditions\/","url":"https:\/\/www.chocolatestheocr.com\/term-conditions\/","name":"T\u00e9rminos y Condiciones","isPartOf":{"@id":"https:\/\/www.chocolatestheocr.com\/#website"},"primaryImageOfPage":{"@id":"https:\/\/www.chocolatestheocr.com\/term-conditions\/#primaryimage"},"image":{"@id":"https:\/\/www.chocolatestheocr.com\/term-conditions\/#primaryimage"},"thumbnailUrl":"https:\/\/www.chocolatestheocr.com\/wp-content\/uploads\/2024\/01\/compra-1024x256.png","datePublished":"2018-10-17T09:25:55+00:00","dateModified":"2024-10-22T02:16:25+00:00","description":"Pol\u00edticas de compra y env\u00edo de productos*\u00a0\u00a0Los arreglos se hacen fieles a las im\u00e1genes de muestra, sin embargo pueden variar la cantidad de frutas de","breadcrumb":{"@id":"https:\/\/www.chocolatestheocr.com\/term-conditions\/#breadcrumb"},"inLanguage":"en-US","potentialAction":[{"@type":"ReadAction","target":["https:\/\/www.chocolatestheocr.com\/term-conditions\/"]}]},{"@type":"ImageObject","inLanguage":"en-US","@id":"https:\/\/www.chocolatestheocr.com\/term-conditions\/#primaryimage","url":"https:\/\/www.chocolatestheocr.com\/wp-content\/uploads\/2024\/01\/compra-1024x256.png","contentUrl":"https:\/\/www.chocolatestheocr.com\/wp-content\/uploads\/2024\/01\/compra-1024x256.png"},{"@type":"BreadcrumbList","@id":"https:\/\/www.chocolatestheocr.com\/term-conditions\/#breadcrumb","itemListElement":[{"@type":"ListItem","position":1,"name":"Portada","item":"https:\/\/www.chocolatestheocr.com\/"},{"@type":"ListItem","position":2,"name":"T\u00e9rminos y Condiciones"}]},{"@type":"WebSite","@id":"https:\/\/www.chocolatestheocr.com\/#website","url":"https:\/\/www.chocolatestheocr.com\/","name":"Chocolates Theo","description":"","publisher":{"@id":"https:\/\/www.chocolatestheocr.com\/#organization"},"potentialAction":[{"@type":"SearchAction","target":{"@type":"EntryPoint","urlTemplate":"https:\/\/www.chocolatestheocr.com\/?s={search_term_string}"},"query-input":{"@type":"PropertyValueSpecification","valueRequired":true,"valueName":"search_term_string"}}],"inLanguage":"en-US"},{"@type":"Organization","@id":"https:\/\/www.chocolatestheocr.com\/#organization","name":"Chocolates Theo","url":"https:\/\/www.chocolatestheocr.com\/","logo":{"@type":"ImageObject","inLanguage":"en-US","@id":"https:\/\/www.chocolatestheocr.com\/#\/schema\/logo\/image\/","url":"https:\/\/www.chocolatestheocr.com\/wp-content\/uploads\/2021\/10\/Logo-Chocolates-Theo.jpg","contentUrl":"https:\/\/www.chocolatestheocr.com\/wp-content\/uploads\/2021\/10\/Logo-Chocolates-Theo.jpg","width":600,"height":600,"caption":"Chocolates Theo"},"image":{"@id":"https:\/\/www.chocolatestheocr.com\/#\/schema\/logo\/image\/"},"sameAs":["https:\/\/www.facebook.com\/chocolatestheocr","https:\/\/www.instagram.com\/chocolates_theo\/","https:\/\/www.youtube.com\/channel\/UCcgAI69rswAd2FY1Ubvmcxw"]}]}},"_links":{"self":[{"href":"https:\/\/www.chocolatestheocr.com\/en\/wp-json\/wp\/v2\/pages\/1572","targetHints":{"allow":["GET"]}}],"collection":[{"href":"https:\/\/www.chocolatestheocr.com\/en\/wp-json\/wp\/v2\/pages"}],"about":[{"href":"https:\/\/www.chocolatestheocr.com\/en\/wp-json\/wp\/v2\/types\/page"}],"author":[{"embeddable":true,"href":"https:\/\/www.chocolatestheocr.com\/en\/wp-json\/wp\/v2\/users\/1"}],"replies":[{"embeddable":true,"href":"https:\/\/www.chocolatestheocr.com\/en\/wp-json\/wp\/v2\/comments?post=1572"}],"version-history":[{"count":0,"href":"https:\/\/www.chocolatestheocr.com\/en\/wp-json\/wp\/v2\/pages\/1572\/revisions"}],"wp:attachment":[{"href":"https:\/\/www.chocolatestheocr.com\/en\/wp-json\/wp\/v2\/media?parent=1572"}],"curies":[{"name":"wp","href":"https:\/\/api.w.org\/{rel}","templated":true}]}}