{"id":13792,"date":"2023-11-08T19:43:54","date_gmt":"2023-11-09T01:43:54","guid":{"rendered":"https:\/\/www.chocolatestheocr.com\/?page_id=13792"},"modified":"2024-01-30T13:20:32","modified_gmt":"2024-01-30T19:20:32","slug":"metodos-de-pago-y-devoluciones","status":"publish","type":"page","link":"https:\/\/www.chocolatestheocr.com\/en\/metodos-de-pago-y-devoluciones\/","title":{"rendered":"M\u00e9todos de pago"},"content":{"rendered":"<p><\/p>\n\n\n<div class=\"wp-block-image\">\n<figure class=\"aligncenter size-large is-resized\"><img fetchpriority=\"high\" decoding=\"async\" width=\"1024\" height=\"256\" src=\"https:\/\/www.chocolatestheocr.com\/wp-content\/smush-webp\/2024\/01\/De-1024x256.png.webp\" alt=\"\" class=\"wp-image-14127\" style=\"aspect-ratio:4;width:840px;height:auto\" srcset=\"https:\/\/www.chocolatestheocr.com\/wp-content\/smush-webp\/2024\/01\/De-1024x256.png.webp 1024w, https:\/\/www.chocolatestheocr.com\/wp-content\/smush-webp\/2024\/01\/De-300x75.png.webp 300w, https:\/\/www.chocolatestheocr.com\/wp-content\/smush-webp\/2024\/01\/De-768x192.png.webp 768w, https:\/\/www.chocolatestheocr.com\/wp-content\/smush-webp\/2024\/01\/De-1536x384.png.webp 1536w, https:\/\/www.chocolatestheocr.com\/wp-content\/smush-webp\/2024\/01\/De-18x5.png.webp 18w, https:\/\/www.chocolatestheocr.com\/wp-content\/smush-webp\/2024\/01\/De-400x100.png.webp 400w, https:\/\/www.chocolatestheocr.com\/wp-content\/smush-webp\/2024\/01\/De-600x150.png.webp 600w, https:\/\/www.chocolatestheocr.com\/wp-content\/smush-webp\/2024\/01\/De.png.webp 2000w\" sizes=\"(max-width: 1024px) 100vw, 1024px\" \/><\/figure>\n<\/div>\n\n\n<p><\/p>\n\n\n\n<p><\/p>\n\n\n\n<ul class=\"wp-block-list\">\n<li>Por medio de nuestra plataforma con Tarjeta d\u00e9bito o cr\u00e9dito, a trav\u00e9s de plataforma segura de Tilopay, los datos de los clientes son confidenciales y est\u00e1n resguardados. Se aceptan las marcas VISA, Master Card y American Express.<\/li>\n<\/ul>\n\n\n\n<p><\/p>\n\n\n\n<ul class=\"wp-block-list\">\n<li><strong>Transferencia bancaria<\/strong><\/li>\n<\/ul>\n\n\n<div class=\"wp-block-image\">\n<figure class=\"aligncenter size-full is-resized\"><img decoding=\"async\" width=\"967\" height=\"330\" data-src=\"https:\/\/www.chocolatestheocr.com\/wp-content\/smush-webp\/2024\/01\/Bac_credomatic_logo.png.webp\" alt=\"\" class=\"wp-image-14112 lazyload\" style=\"--smush-placeholder-width: 967px; --smush-placeholder-aspect-ratio: 967\/330;aspect-ratio:2.93030303030303;width:396px;height:auto\" data-srcset=\"https:\/\/www.chocolatestheocr.com\/wp-content\/smush-webp\/2024\/01\/Bac_credomatic_logo.png.webp 967w, https:\/\/www.chocolatestheocr.com\/wp-content\/smush-webp\/2024\/01\/Bac_credomatic_logo-300x102.png.webp 300w, https:\/\/www.chocolatestheocr.com\/wp-content\/smush-webp\/2024\/01\/Bac_credomatic_logo-768x262.png.webp 768w, https:\/\/www.chocolatestheocr.com\/wp-content\/smush-webp\/2024\/01\/Bac_credomatic_logo-18x6.png.webp 18w, https:\/\/www.chocolatestheocr.com\/wp-content\/smush-webp\/2024\/01\/Bac_credomatic_logo-400x137.png.webp 400w, https:\/\/www.chocolatestheocr.com\/wp-content\/smush-webp\/2024\/01\/Bac_credomatic_logo-600x205.png.webp 600w\" data-sizes=\"(max-width: 967px) 100vw, 967px\" src=\"data:image\/svg+xml;base64,PHN2ZyB3aWR0aD0iMSIgaGVpZ2h0PSIxIiB4bWxucz0iaHR0cDovL3d3dy53My5vcmcvMjAwMC9zdmciPjwvc3ZnPg==\" \/><\/figure>\n<\/div>\n\n\n<p class=\"has-text-align-center\"><strong>BAC CREDOMATIC<\/strong><\/p>\n\n\n\n<p class=\"has-text-align-center\"><strong>Inversiones de Chocolate S.A.<\/strong><\/p>\n\n\n\n<p class=\"has-text-align-center\"><strong>C\u00e9dula Jur\u00eddica # 3-101-811146<\/strong><strong><\/strong><\/p>\n\n\n\n<p class=\"has-text-align-center\"><strong>Cuenta Colones. 947157533<\/strong><\/p>\n\n\n\n<p class=\"has-text-align-center\"><strong>IBAN. CR 91010200009471575330<\/strong><\/p>\n\n\n<div class=\"wp-block-image\">\n<figure class=\"aligncenter size-full is-resized\"><img decoding=\"async\" width=\"300\" height=\"223\" data-src=\"https:\/\/www.chocolatestheocr.com\/wp-content\/smush-webp\/2024\/01\/sinpe-movil-logo-D694F98AE5-seeklogo.com_.png.webp\" alt=\"\" class=\"wp-image-14113 lazyload\" style=\"--smush-placeholder-width: 300px; --smush-placeholder-aspect-ratio: 300\/223;aspect-ratio:1.345291479820628;width:209px;height:auto\" data-srcset=\"https:\/\/www.chocolatestheocr.com\/wp-content\/smush-webp\/2024\/01\/sinpe-movil-logo-D694F98AE5-seeklogo.com_.png.webp 300w, https:\/\/www.chocolatestheocr.com\/wp-content\/smush-webp\/2024\/01\/sinpe-movil-logo-D694F98AE5-seeklogo.com_-16x12.png.webp 16w\" data-sizes=\"(max-width: 300px) 100vw, 300px\" src=\"data:image\/svg+xml;base64,PHN2ZyB3aWR0aD0iMSIgaGVpZ2h0PSIxIiB4bWxucz0iaHR0cDovL3d3dy53My5vcmcvMjAwMC9zdmciPjwvc3ZnPg==\" \/><\/figure>\n<\/div>\n\n\n<p class=\"has-text-align-center\"><strong>SINPE M\u00d3VIL<\/strong><\/p>\n\n\n\n<p class=\"has-text-align-center\"><strong>TEL. 7018-1213<\/strong><\/p>\n\n\n\n<p class=\"has-text-align-center\"><strong>THOMAS GABRIEL DUQUE GARZ\u00d3N<\/strong><\/p>\n\n\n\n<p><\/p>\n\n\n\n<p><\/p>\n\n\n\n<h2 class=\"wp-block-heading\"><strong>Pol\u00edticas de Cancelaci\u00f3n de pedidos y\/o Devoluciones<\/strong><\/h2>\n\n\n\n<p>En Chocolates Theo, valoramos profundamente su elecci\u00f3n de confiar en nuestros productos y servicios para atender sus necesidades. Nos enorgullece ofrecer productos de la m\u00e1s alta calidad y trabajamos incansablemente para garantizar que su experiencia con nosotros sea excepcional; Sin embargo, debido a la naturaleza de nuestros productos, que son personalizados en para cada cliente, queremos explicar nuestra pol\u00edtica de devoluci\u00f3n en detalle.<\/p>\n\n\n\n<p>Si, por alguna raz\u00f3n, se percata de un error en su pedido, le brindamos la oportunidad de solicitar un reembolso dentro de la primera hora siguiente a la realizaci\u00f3n de su pedido. Fuera de esta ventana de tiempo, no realizamos reintegros de dinero, pero ofrecemos dos alternativas flexibles: puede cambiar la fecha de entrega de su arreglo o canjear el valor de su compra por otros productos de igual valor.<\/p>\n\n\n\n<p>Este cr\u00e9dito se mantiene v\u00e1lido por un plazo m\u00e1ximo de un a\u00f1o a partir de la fecha de compra.<\/p>\n\n\n\n<p>Estamos comprometidos a garantizar que su experiencia con nosotros sea siempre satisfactoria y estamos disponibles para resolver cualquier pregunta o inquietud que pueda surgir.<\/p>\n\n\n\n<p>Deber\u00e1 informarnos de su decisi\u00f3n por el Whatssapp (506) 7018-1213,&nbsp; o bien al tel\u00e9fono (506) 2253-4183, o por \u00faltimo a trav\u00e9s del correo&nbsp;<strong>info@chocolatestheocr.com<\/strong>&nbsp;&nbsp;<\/p>\n\n\n\n<p>Si realiz\u00f3 el pago por tarjeta de cr\u00e9dito o d\u00e9bito, debe solicitar la devoluci\u00f3n directamente con el banco emisor de la tarjeta.<\/p>","protected":false},"excerpt":{"rendered":"<p>BAC CREDOMATIC Inversiones de Chocolate S.A. C\u00e9dula Jur\u00eddica # 3-101-811146 Cuenta Colones. 947157533 IBAN. CR 91010200009471575330 SINPE M\u00d3VIL TEL. 7018-1213 THOMAS GABRIEL DUQUE GARZ\u00d3N Pol\u00edticas de Cancelaci\u00f3n de pedidos y\/o Devoluciones En Chocolates Theo, valoramos profundamente su elecci\u00f3n de confiar en nuestros productos y servicios para atender sus necesidades. Nos enorgullece ofrecer productos de la &hellip; <\/p>\n<p class=\"link-more\"><a href=\"https:\/\/www.chocolatestheocr.com\/en\/metodos-de-pago-y-devoluciones\/\" class=\"more-link\">Read More <span class=\"screen-reader-text\"> &#8220;M\u00e9todos de pago&#8221;<\/span><\/a><\/p>","protected":false},"author":4,"featured_media":0,"parent":0,"menu_order":0,"comment_status":"closed","ping_status":"closed","template":"","meta":{"footnotes":""},"class_list":["post-13792","page","type-page","status-publish","hentry"],"yoast_head":"<!-- This site is optimized with the Yoast SEO plugin v27.3 - https:\/\/yoast.com\/product\/yoast-seo-wordpress\/ -->\n<title>M\u00e9todos de pago \/ Devoluciones<\/title>\n<meta name=\"description\" content=\"Por medio de nuestra plataforma con Tarjeta d\u00e9bito o cr\u00e9dito, a trav\u00e9s de plataforma segura de Tilopay, los datos de los clientes son confidenciales y\" \/>\n<meta name=\"robots\" content=\"index, follow, max-snippet:-1, max-image-preview:large, max-video-preview:-1\" \/>\n<link rel=\"canonical\" href=\"https:\/\/www.chocolatestheocr.com\/en\/metodos-de-pago-y-devoluciones\/\" \/>\n<meta property=\"og:locale\" content=\"en_US\" \/>\n<meta property=\"og:type\" content=\"article\" \/>\n<meta property=\"og:title\" content=\"M\u00e9todos de pago \/ Devoluciones\" \/>\n<meta property=\"og:description\" content=\"Por medio de nuestra plataforma con Tarjeta d\u00e9bito o cr\u00e9dito, a trav\u00e9s de plataforma segura de Tilopay, los datos de los clientes son confidenciales y\" \/>\n<meta property=\"og:url\" content=\"https:\/\/www.chocolatestheocr.com\/en\/metodos-de-pago-y-devoluciones\/\" \/>\n<meta property=\"og:site_name\" content=\"Chocolates Theo\" \/>\n<meta property=\"article:publisher\" content=\"https:\/\/www.facebook.com\/chocolatestheocr\" \/>\n<meta property=\"article:modified_time\" content=\"2024-01-30T19:20:32+00:00\" \/>\n<meta property=\"og:image\" content=\"https:\/\/www.chocolatestheocr.com\/wp-content\/uploads\/2024\/01\/De-1024x256.png\" \/>\n<meta name=\"twitter:card\" content=\"summary_large_image\" \/>\n<meta name=\"twitter:label1\" content=\"Est. reading time\" \/>\n\t<meta name=\"twitter:data1\" content=\"2 minutes\" \/>\n<script type=\"application\/ld+json\" class=\"yoast-schema-graph\">{\"@context\":\"https:\\\/\\\/schema.org\",\"@graph\":[{\"@type\":\"WebPage\",\"@id\":\"https:\\\/\\\/www.chocolatestheocr.com\\\/metodos-de-pago-y-devoluciones\\\/\",\"url\":\"https:\\\/\\\/www.chocolatestheocr.com\\\/metodos-de-pago-y-devoluciones\\\/\",\"name\":\"M\u00e9todos de pago \\\/ Devoluciones\",\"isPartOf\":{\"@id\":\"https:\\\/\\\/www.chocolatestheocr.com\\\/#website\"},\"primaryImageOfPage\":{\"@id\":\"https:\\\/\\\/www.chocolatestheocr.com\\\/metodos-de-pago-y-devoluciones\\\/#primaryimage\"},\"image\":{\"@id\":\"https:\\\/\\\/www.chocolatestheocr.com\\\/metodos-de-pago-y-devoluciones\\\/#primaryimage\"},\"thumbnailUrl\":\"https:\\\/\\\/www.chocolatestheocr.com\\\/wp-content\\\/uploads\\\/2024\\\/01\\\/De-1024x256.png\",\"datePublished\":\"2023-11-09T01:43:54+00:00\",\"dateModified\":\"2024-01-30T19:20:32+00:00\",\"description\":\"Por medio de nuestra plataforma con Tarjeta d\u00e9bito o cr\u00e9dito, a trav\u00e9s de plataforma segura de Tilopay, los datos de los clientes son confidenciales y\",\"breadcrumb\":{\"@id\":\"https:\\\/\\\/www.chocolatestheocr.com\\\/metodos-de-pago-y-devoluciones\\\/#breadcrumb\"},\"inLanguage\":\"en-US\",\"potentialAction\":[{\"@type\":\"ReadAction\",\"target\":[\"https:\\\/\\\/www.chocolatestheocr.com\\\/metodos-de-pago-y-devoluciones\\\/\"]}]},{\"@type\":\"ImageObject\",\"inLanguage\":\"en-US\",\"@id\":\"https:\\\/\\\/www.chocolatestheocr.com\\\/metodos-de-pago-y-devoluciones\\\/#primaryimage\",\"url\":\"https:\\\/\\\/www.chocolatestheocr.com\\\/wp-content\\\/uploads\\\/2024\\\/01\\\/De-1024x256.png\",\"contentUrl\":\"https:\\\/\\\/www.chocolatestheocr.com\\\/wp-content\\\/uploads\\\/2024\\\/01\\\/De-1024x256.png\"},{\"@type\":\"BreadcrumbList\",\"@id\":\"https:\\\/\\\/www.chocolatestheocr.com\\\/metodos-de-pago-y-devoluciones\\\/#breadcrumb\",\"itemListElement\":[{\"@type\":\"ListItem\",\"position\":1,\"name\":\"Portada\",\"item\":\"https:\\\/\\\/www.chocolatestheocr.com\\\/\"},{\"@type\":\"ListItem\",\"position\":2,\"name\":\"M\u00e9todos de pago\"}]},{\"@type\":\"WebSite\",\"@id\":\"https:\\\/\\\/www.chocolatestheocr.com\\\/#website\",\"url\":\"https:\\\/\\\/www.chocolatestheocr.com\\\/\",\"name\":\"Chocolates Theo\",\"description\":\"\",\"publisher\":{\"@id\":\"https:\\\/\\\/www.chocolatestheocr.com\\\/#organization\"},\"potentialAction\":[{\"@type\":\"SearchAction\",\"target\":{\"@type\":\"EntryPoint\",\"urlTemplate\":\"https:\\\/\\\/www.chocolatestheocr.com\\\/?s={search_term_string}\"},\"query-input\":{\"@type\":\"PropertyValueSpecification\",\"valueRequired\":true,\"valueName\":\"search_term_string\"}}],\"inLanguage\":\"en-US\"},{\"@type\":\"Organization\",\"@id\":\"https:\\\/\\\/www.chocolatestheocr.com\\\/#organization\",\"name\":\"Chocolates Theo\",\"url\":\"https:\\\/\\\/www.chocolatestheocr.com\\\/\",\"logo\":{\"@type\":\"ImageObject\",\"inLanguage\":\"en-US\",\"@id\":\"https:\\\/\\\/www.chocolatestheocr.com\\\/#\\\/schema\\\/logo\\\/image\\\/\",\"url\":\"https:\\\/\\\/www.chocolatestheocr.com\\\/wp-content\\\/uploads\\\/2021\\\/10\\\/Logo-Chocolates-Theo.jpg\",\"contentUrl\":\"https:\\\/\\\/www.chocolatestheocr.com\\\/wp-content\\\/uploads\\\/2021\\\/10\\\/Logo-Chocolates-Theo.jpg\",\"width\":600,\"height\":600,\"caption\":\"Chocolates Theo\"},\"image\":{\"@id\":\"https:\\\/\\\/www.chocolatestheocr.com\\\/#\\\/schema\\\/logo\\\/image\\\/\"},\"sameAs\":[\"https:\\\/\\\/www.facebook.com\\\/chocolatestheocr\",\"https:\\\/\\\/www.instagram.com\\\/chocolates_theo\\\/\",\"https:\\\/\\\/www.youtube.com\\\/channel\\\/UCcgAI69rswAd2FY1Ubvmcxw\"]}]}<\/script>\n<!-- \/ Yoast SEO plugin. -->","yoast_head_json":{"title":"M\u00e9todos de pago \/ Devoluciones","description":"Por medio de nuestra plataforma con Tarjeta d\u00e9bito o cr\u00e9dito, a trav\u00e9s de plataforma segura de Tilopay, los datos de los clientes son confidenciales y","robots":{"index":"index","follow":"follow","max-snippet":"max-snippet:-1","max-image-preview":"max-image-preview:large","max-video-preview":"max-video-preview:-1"},"canonical":"https:\/\/www.chocolatestheocr.com\/en\/metodos-de-pago-y-devoluciones\/","og_locale":"en_US","og_type":"article","og_title":"M\u00e9todos de pago \/ Devoluciones","og_description":"Por medio de nuestra plataforma con Tarjeta d\u00e9bito o cr\u00e9dito, a trav\u00e9s de plataforma segura de Tilopay, los datos de los clientes son confidenciales y","og_url":"https:\/\/www.chocolatestheocr.com\/en\/metodos-de-pago-y-devoluciones\/","og_site_name":"Chocolates Theo","article_publisher":"https:\/\/www.facebook.com\/chocolatestheocr","article_modified_time":"2024-01-30T19:20:32+00:00","og_image":[{"url":"https:\/\/www.chocolatestheocr.com\/wp-content\/uploads\/2024\/01\/De-1024x256.png","type":"","width":"","height":""}],"twitter_card":"summary_large_image","twitter_misc":{"Est. reading time":"2 minutes"},"schema":{"@context":"https:\/\/schema.org","@graph":[{"@type":"WebPage","@id":"https:\/\/www.chocolatestheocr.com\/metodos-de-pago-y-devoluciones\/","url":"https:\/\/www.chocolatestheocr.com\/metodos-de-pago-y-devoluciones\/","name":"M\u00e9todos de pago \/ Devoluciones","isPartOf":{"@id":"https:\/\/www.chocolatestheocr.com\/#website"},"primaryImageOfPage":{"@id":"https:\/\/www.chocolatestheocr.com\/metodos-de-pago-y-devoluciones\/#primaryimage"},"image":{"@id":"https:\/\/www.chocolatestheocr.com\/metodos-de-pago-y-devoluciones\/#primaryimage"},"thumbnailUrl":"https:\/\/www.chocolatestheocr.com\/wp-content\/uploads\/2024\/01\/De-1024x256.png","datePublished":"2023-11-09T01:43:54+00:00","dateModified":"2024-01-30T19:20:32+00:00","description":"Por medio de nuestra plataforma con Tarjeta d\u00e9bito o cr\u00e9dito, a trav\u00e9s de plataforma segura de Tilopay, los datos de los clientes son confidenciales y","breadcrumb":{"@id":"https:\/\/www.chocolatestheocr.com\/metodos-de-pago-y-devoluciones\/#breadcrumb"},"inLanguage":"en-US","potentialAction":[{"@type":"ReadAction","target":["https:\/\/www.chocolatestheocr.com\/metodos-de-pago-y-devoluciones\/"]}]},{"@type":"ImageObject","inLanguage":"en-US","@id":"https:\/\/www.chocolatestheocr.com\/metodos-de-pago-y-devoluciones\/#primaryimage","url":"https:\/\/www.chocolatestheocr.com\/wp-content\/uploads\/2024\/01\/De-1024x256.png","contentUrl":"https:\/\/www.chocolatestheocr.com\/wp-content\/uploads\/2024\/01\/De-1024x256.png"},{"@type":"BreadcrumbList","@id":"https:\/\/www.chocolatestheocr.com\/metodos-de-pago-y-devoluciones\/#breadcrumb","itemListElement":[{"@type":"ListItem","position":1,"name":"Portada","item":"https:\/\/www.chocolatestheocr.com\/"},{"@type":"ListItem","position":2,"name":"M\u00e9todos de pago"}]},{"@type":"WebSite","@id":"https:\/\/www.chocolatestheocr.com\/#website","url":"https:\/\/www.chocolatestheocr.com\/","name":"Chocolates Theo","description":"","publisher":{"@id":"https:\/\/www.chocolatestheocr.com\/#organization"},"potentialAction":[{"@type":"SearchAction","target":{"@type":"EntryPoint","urlTemplate":"https:\/\/www.chocolatestheocr.com\/?s={search_term_string}"},"query-input":{"@type":"PropertyValueSpecification","valueRequired":true,"valueName":"search_term_string"}}],"inLanguage":"en-US"},{"@type":"Organization","@id":"https:\/\/www.chocolatestheocr.com\/#organization","name":"Chocolates Theo","url":"https:\/\/www.chocolatestheocr.com\/","logo":{"@type":"ImageObject","inLanguage":"en-US","@id":"https:\/\/www.chocolatestheocr.com\/#\/schema\/logo\/image\/","url":"https:\/\/www.chocolatestheocr.com\/wp-content\/uploads\/2021\/10\/Logo-Chocolates-Theo.jpg","contentUrl":"https:\/\/www.chocolatestheocr.com\/wp-content\/uploads\/2021\/10\/Logo-Chocolates-Theo.jpg","width":600,"height":600,"caption":"Chocolates Theo"},"image":{"@id":"https:\/\/www.chocolatestheocr.com\/#\/schema\/logo\/image\/"},"sameAs":["https:\/\/www.facebook.com\/chocolatestheocr","https:\/\/www.instagram.com\/chocolates_theo\/","https:\/\/www.youtube.com\/channel\/UCcgAI69rswAd2FY1Ubvmcxw"]}]}},"_links":{"self":[{"href":"https:\/\/www.chocolatestheocr.com\/en\/wp-json\/wp\/v2\/pages\/13792","targetHints":{"allow":["GET"]}}],"collection":[{"href":"https:\/\/www.chocolatestheocr.com\/en\/wp-json\/wp\/v2\/pages"}],"about":[{"href":"https:\/\/www.chocolatestheocr.com\/en\/wp-json\/wp\/v2\/types\/page"}],"author":[{"embeddable":true,"href":"https:\/\/www.chocolatestheocr.com\/en\/wp-json\/wp\/v2\/users\/4"}],"replies":[{"embeddable":true,"href":"https:\/\/www.chocolatestheocr.com\/en\/wp-json\/wp\/v2\/comments?post=13792"}],"version-history":[{"count":0,"href":"https:\/\/www.chocolatestheocr.com\/en\/wp-json\/wp\/v2\/pages\/13792\/revisions"}],"wp:attachment":[{"href":"https:\/\/www.chocolatestheocr.com\/en\/wp-json\/wp\/v2\/media?parent=13792"}],"curies":[{"name":"wp","href":"https:\/\/api.w.org\/{rel}","templated":true}]}}