{"id":12,"date":"2018-09-10T02:24:42","date_gmt":"2018-09-10T08:24:42","guid":{"rendered":"http:\/\/source.wpopal.com\/auros\/?page_id=12"},"modified":"2020-11-16T20:57:47","modified_gmt":"2020-11-17T02:57:47","slug":"faq","status":"publish","type":"page","link":"https:\/\/www.chocolatestheocr.com\/en\/faq\/","title":{"rendered":"Preguntas FAQ&#8217;s"},"content":{"rendered":"<div data-elementor-type=\"wp-post\" data-elementor-id=\"12\" class=\"elementor elementor-12\">\n\t\t\t\t\t\t<section class=\"elementor-section elementor-top-section elementor-element elementor-element-376a907 elementor-section-boxed elementor-section-height-default elementor-section-height-default\" data-id=\"376a907\" data-element_type=\"section\" data-e-type=\"section\" data-settings=\"{&quot;background_background&quot;:&quot;classic&quot;}\">\n\t\t\t\t\t\t<div class=\"elementor-container elementor-column-gap-no\">\n\t\t\t\t\t<div class=\"elementor-column elementor-col-100 elementor-top-column elementor-element elementor-element-b392113\" data-id=\"b392113\" data-element_type=\"column\" data-e-type=\"column\">\n\t\t\t<div class=\"elementor-widget-wrap elementor-element-populated\">\n\t\t\t\t\t\t<section class=\"elementor-section elementor-inner-section elementor-element elementor-element-59612db elementor-section-boxed elementor-section-height-default elementor-section-height-default\" data-id=\"59612db\" data-element_type=\"section\" data-e-type=\"section\">\n\t\t\t\t\t\t<div class=\"elementor-container elementor-column-gap-no\">\n\t\t\t\t\t<div class=\"elementor-column elementor-col-100 elementor-inner-column elementor-element elementor-element-025457d\" data-id=\"025457d\" data-element_type=\"column\" data-e-type=\"column\">\n\t\t\t<div class=\"elementor-widget-wrap elementor-element-populated\">\n\t\t\t\t\t\t<div class=\"elementor-element elementor-element-9cd4918 elementor-widget elementor-widget-text-editor\" data-id=\"9cd4918\" data-element_type=\"widget\" data-e-type=\"widget\" data-widget_type=\"text-editor.default\">\n\t\t\t\t<div class=\"elementor-widget-container\">\n\t\t\t\t\t\t\t<div class=\"elementor-text-editor elementor-clearfix\"><p><strong>\u00bfC\u00f3mo puedo hacer un pedido?<\/strong><\/p><p>Puedes realizar tu pedido en l\u00ednea durante las 24 horas del d\u00eda y los 7 d\u00edas de la semana; Si tienes dudas o consultas acerca de alg\u00fan detalle de tu pedido, puedes comunicarte con nosotros a nuestro tel\u00e9fono 22534183 o bien al WhatsApp 70181213,\u00a0 de Lunes a S\u00e1bado de 8:00a.m. hasta las 7:00p.m.\u00a0<\/p><p><strong>\u00bfCon cu\u00e1nto tiempo de anticipaci\u00f3n debo hacer mi pedido?<\/strong><strong>\u00a0<\/strong><\/p><p>En fechas normales de no mucha demanda, puedes solicitar los arreglos para el mismo d\u00eda si estos entran antes de las 1p.m, despu\u00e9s de esta hora se entregar\u00edan al d\u00eda siguiente. (Ver t\u00e9rminos y condiciones)Tambi\u00e9n puedes realizar pedidos con un d\u00eda o hasta un mes de antelaci\u00f3n, esto para poder brindarte un mejor servicio en caso de tener alg\u00fan contratiempo.Para\u00a0<strong>Fechas especiales como San Valent\u00edn, D\u00eda de la Madre, D\u00eda del Padre y Navidad<\/strong>, recomendamos hacer los pedidos por lo menos con 8 d\u00edas de antelaci\u00f3n.\u00a0<\/p><p><strong>\u00a0<\/strong><strong>\u00bfC\u00f3mo cancelo o cambio un pedido que ya hice?<\/strong><\/p><p>Si necesitas cancelar o cambiar un pedido programado, comun\u00edquese con nosotros al tel\u00e9fono 22534183,\u00a0 al menos 12 horas antes del tiempo de entrega para nosotros poder coordinar las rutas de mensajer\u00eda\u00a0 o las\u00a0 entregas en la tienda; Despu\u00e9s de pasado ese plazo, Chocolates Theo no se hace responsable por nuevos costos de mensajer\u00eda o devoluciones de productos a nuestras instalaciones (Ver t\u00e9rminos y condiciones)\u00a0<\/p><p><strong>\u00bfQu\u00e9 m\u00e9todos de pago aceptan?<\/strong><\/p><p>Aceptamos pagos a trav\u00e9s de las principales tarjetas de cr\u00e9dito: American Express, MasterCard o VISA. Tambi\u00e9n puede realizar un dep\u00f3sito o transferencia a los bancos BAC, Banco Nacional y BCR; Para solicitar los datos de estas cuentas por favor comun\u00edquese con nosotros a trav\u00e9s del WhatsApp 70181213<\/p><p><strong>\u00a0<\/strong><strong>\u00bfCu\u00e1nto tiempo duran los arreglos frutales?<\/strong><\/p><p>Nuestras frutas, son 100%\u00a0 naturales y confeccionamos los arreglos minutos antes de cada entrega para asegurar la frescura de los mismos a nuestros clientes.\u00a0 Por lo tanto lo recomendable es consumirlo inmediatamente. Si lo tienes que guardar, debes almacenarlo en refrigeraci\u00f3n y te durar\u00e1\u00a0 entre 24 y 36 horas en una calidad \u00f3ptima.<\/p><p>\u00a0<strong>\u00bfPuedo poner alg\u00fan mensaje en una tarjetita?<\/strong>\u00a0<\/p><p>S\u00ed, puedes agregar un texto de m\u00e1ximo 200 caracteres incluidos espacios y signos de puntuaci\u00f3n y este no generar\u00e1 ning\u00fan costo adicional.<\/p><p>\u00a0<strong>\u00bfCu\u00e1l es el horario de atenci\u00f3n?<\/strong><strong>\u00a0<\/strong><\/p><p>Nuestro horario de atenci\u00f3n al p\u00fablico para pedidos Online es de Lunes a S\u00e1bado de 8 a.m. a 7 p.m. El horario de la tienda f\u00edsica es de Lunes a Viernes de 9:30 a.m. a 7 p.m. y los S\u00e1bados y Domingos de 9:30 a.m. a 6 p.m. \u00a0<\/p><p><strong>\u00bfCu\u00e1l es el horario para las entregas y que d\u00edas se hacen?<\/strong><strong>\u00a0<\/strong><\/p><p>Nuestro servicio de entrega empieza a las 9 a.m y hasta las 6 p.m.\u00a0 Excepto en fechas especiales que empieza a las 8 a.m. y hasta las 8 p.m. Las entregas se har\u00e1n de Lunes a S\u00e1bado;\u00a0<strong>Los d\u00edas Domingos no se hacen entregas<\/strong>, salvo en fechas especiales como San Valent\u00edn, D\u00eda del Padre, D\u00eda de la madre y Navidad.<\/p><\/div>\n\t\t\t\t\t\t<\/div>\n\t\t\t\t<\/div>\n\t\t\t\t\t<\/div>\n\t\t<\/div>\n\t\t\t\t\t<\/div>\n\t\t<\/section>\n\t\t\t\t\t<\/div>\n\t\t<\/div>\n\t\t\t\t\t<\/div>\n\t\t<\/section>\n\t\t\t\t<\/div>","protected":false},"excerpt":{"rendered":"<p>\u00bfC\u00f3mo puedo hacer un pedido? Puedes realizar tu pedido en l\u00ednea durante las 24 horas del d\u00eda y los 7 d\u00edas de la semana; Si tienes dudas o consultas acerca de alg\u00fan detalle de tu pedido, puedes comunicarte con nosotros a nuestro tel\u00e9fono 22534183 o bien al WhatsApp 70181213,\u00a0 de Lunes a S\u00e1bado de 8:00a.m. &hellip; <\/p>\n<p class=\"link-more\"><a href=\"https:\/\/www.chocolatestheocr.com\/en\/faq\/\" class=\"more-link\">Read More <span class=\"screen-reader-text\"> &#8220;Preguntas FAQ&#8217;s&#8221;<\/span><\/a><\/p>","protected":false},"author":1,"featured_media":0,"parent":0,"menu_order":0,"comment_status":"closed","ping_status":"closed","template":"","meta":{"footnotes":""},"class_list":["post-12","page","type-page","status-publish","hentry"],"yoast_head":"<!-- This site is optimized with the Yoast SEO plugin v27.3 - https:\/\/yoast.com\/product\/yoast-seo-wordpress\/ -->\n<title>Preguntas FAQ&#039;s<\/title>\n<meta name=\"description\" content=\"\u00bfC\u00f3mo puedo hacer un pedido?Puedes realizar tu pedido en l\u00ednea durante las 24 horas del d\u00eda y los 7 d\u00edas de la semana; Si tienes dudas o consultas acerca\" \/>\n<meta name=\"robots\" content=\"index, follow, max-snippet:-1, max-image-preview:large, max-video-preview:-1\" \/>\n<link rel=\"canonical\" href=\"https:\/\/www.chocolatestheocr.com\/en\/faq\/\" \/>\n<meta property=\"og:locale\" content=\"en_US\" \/>\n<meta property=\"og:type\" content=\"article\" \/>\n<meta property=\"og:title\" content=\"Preguntas FAQ&#039;s\" \/>\n<meta property=\"og:description\" content=\"\u00bfC\u00f3mo puedo hacer un pedido?Puedes realizar tu pedido en l\u00ednea durante las 24 horas del d\u00eda y los 7 d\u00edas de la semana; Si tienes dudas o consultas acerca\" \/>\n<meta property=\"og:url\" content=\"https:\/\/www.chocolatestheocr.com\/en\/faq\/\" \/>\n<meta property=\"og:site_name\" content=\"Chocolates Theo\" \/>\n<meta property=\"article:publisher\" content=\"https:\/\/www.facebook.com\/chocolatestheocr\" \/>\n<meta property=\"article:modified_time\" content=\"2020-11-17T02:57:47+00:00\" \/>\n<meta property=\"og:image\" content=\"https:\/\/www.chocolatestheocr.com\/wp-content\/uploads\/2021\/10\/Logo-Chocolates-Theo.jpg\" \/>\n\t<meta property=\"og:image:width\" content=\"600\" \/>\n\t<meta property=\"og:image:height\" content=\"600\" \/>\n\t<meta property=\"og:image:type\" content=\"image\/jpeg\" \/>\n<meta name=\"twitter:card\" content=\"summary_large_image\" \/>\n<meta name=\"twitter:label1\" content=\"Est. reading time\" \/>\n\t<meta name=\"twitter:data1\" content=\"3 minutes\" \/>\n<script type=\"application\/ld+json\" class=\"yoast-schema-graph\">{\"@context\":\"https:\\\/\\\/schema.org\",\"@graph\":[{\"@type\":\"WebPage\",\"@id\":\"https:\\\/\\\/www.chocolatestheocr.com\\\/faq\\\/\",\"url\":\"https:\\\/\\\/www.chocolatestheocr.com\\\/faq\\\/\",\"name\":\"Preguntas FAQ's\",\"isPartOf\":{\"@id\":\"https:\\\/\\\/www.chocolatestheocr.com\\\/#website\"},\"datePublished\":\"2018-09-10T08:24:42+00:00\",\"dateModified\":\"2020-11-17T02:57:47+00:00\",\"description\":\"\u00bfC\u00f3mo puedo hacer un pedido?Puedes realizar tu pedido en l\u00ednea durante las 24 horas del d\u00eda y los 7 d\u00edas de la semana; Si tienes dudas o consultas acerca\",\"breadcrumb\":{\"@id\":\"https:\\\/\\\/www.chocolatestheocr.com\\\/faq\\\/#breadcrumb\"},\"inLanguage\":\"en-US\",\"potentialAction\":[{\"@type\":\"ReadAction\",\"target\":[\"https:\\\/\\\/www.chocolatestheocr.com\\\/faq\\\/\"]}]},{\"@type\":\"BreadcrumbList\",\"@id\":\"https:\\\/\\\/www.chocolatestheocr.com\\\/faq\\\/#breadcrumb\",\"itemListElement\":[{\"@type\":\"ListItem\",\"position\":1,\"name\":\"Portada\",\"item\":\"https:\\\/\\\/www.chocolatestheocr.com\\\/\"},{\"@type\":\"ListItem\",\"position\":2,\"name\":\"Preguntas FAQ&#8217;s\"}]},{\"@type\":\"WebSite\",\"@id\":\"https:\\\/\\\/www.chocolatestheocr.com\\\/#website\",\"url\":\"https:\\\/\\\/www.chocolatestheocr.com\\\/\",\"name\":\"Chocolates Theo\",\"description\":\"\",\"publisher\":{\"@id\":\"https:\\\/\\\/www.chocolatestheocr.com\\\/#organization\"},\"potentialAction\":[{\"@type\":\"SearchAction\",\"target\":{\"@type\":\"EntryPoint\",\"urlTemplate\":\"https:\\\/\\\/www.chocolatestheocr.com\\\/?s={search_term_string}\"},\"query-input\":{\"@type\":\"PropertyValueSpecification\",\"valueRequired\":true,\"valueName\":\"search_term_string\"}}],\"inLanguage\":\"en-US\"},{\"@type\":\"Organization\",\"@id\":\"https:\\\/\\\/www.chocolatestheocr.com\\\/#organization\",\"name\":\"Chocolates Theo\",\"url\":\"https:\\\/\\\/www.chocolatestheocr.com\\\/\",\"logo\":{\"@type\":\"ImageObject\",\"inLanguage\":\"en-US\",\"@id\":\"https:\\\/\\\/www.chocolatestheocr.com\\\/#\\\/schema\\\/logo\\\/image\\\/\",\"url\":\"https:\\\/\\\/www.chocolatestheocr.com\\\/wp-content\\\/uploads\\\/2021\\\/10\\\/Logo-Chocolates-Theo.jpg\",\"contentUrl\":\"https:\\\/\\\/www.chocolatestheocr.com\\\/wp-content\\\/uploads\\\/2021\\\/10\\\/Logo-Chocolates-Theo.jpg\",\"width\":600,\"height\":600,\"caption\":\"Chocolates Theo\"},\"image\":{\"@id\":\"https:\\\/\\\/www.chocolatestheocr.com\\\/#\\\/schema\\\/logo\\\/image\\\/\"},\"sameAs\":[\"https:\\\/\\\/www.facebook.com\\\/chocolatestheocr\",\"https:\\\/\\\/www.instagram.com\\\/chocolates_theo\\\/\",\"https:\\\/\\\/www.youtube.com\\\/channel\\\/UCcgAI69rswAd2FY1Ubvmcxw\"]}]}<\/script>\n<!-- \/ Yoast SEO plugin. -->","yoast_head_json":{"title":"Preguntas FAQ's","description":"\u00bfC\u00f3mo puedo hacer un pedido?Puedes realizar tu pedido en l\u00ednea durante las 24 horas del d\u00eda y los 7 d\u00edas de la semana; Si tienes dudas o consultas acerca","robots":{"index":"index","follow":"follow","max-snippet":"max-snippet:-1","max-image-preview":"max-image-preview:large","max-video-preview":"max-video-preview:-1"},"canonical":"https:\/\/www.chocolatestheocr.com\/en\/faq\/","og_locale":"en_US","og_type":"article","og_title":"Preguntas FAQ's","og_description":"\u00bfC\u00f3mo puedo hacer un pedido?Puedes realizar tu pedido en l\u00ednea durante las 24 horas del d\u00eda y los 7 d\u00edas de la semana; Si tienes dudas o consultas acerca","og_url":"https:\/\/www.chocolatestheocr.com\/en\/faq\/","og_site_name":"Chocolates Theo","article_publisher":"https:\/\/www.facebook.com\/chocolatestheocr","article_modified_time":"2020-11-17T02:57:47+00:00","og_image":[{"width":600,"height":600,"url":"https:\/\/www.chocolatestheocr.com\/wp-content\/uploads\/2021\/10\/Logo-Chocolates-Theo.jpg","type":"image\/jpeg"}],"twitter_card":"summary_large_image","twitter_misc":{"Est. reading time":"3 minutes"},"schema":{"@context":"https:\/\/schema.org","@graph":[{"@type":"WebPage","@id":"https:\/\/www.chocolatestheocr.com\/faq\/","url":"https:\/\/www.chocolatestheocr.com\/faq\/","name":"Preguntas FAQ's","isPartOf":{"@id":"https:\/\/www.chocolatestheocr.com\/#website"},"datePublished":"2018-09-10T08:24:42+00:00","dateModified":"2020-11-17T02:57:47+00:00","description":"\u00bfC\u00f3mo puedo hacer un pedido?Puedes realizar tu pedido en l\u00ednea durante las 24 horas del d\u00eda y los 7 d\u00edas de la semana; Si tienes dudas o consultas acerca","breadcrumb":{"@id":"https:\/\/www.chocolatestheocr.com\/faq\/#breadcrumb"},"inLanguage":"en-US","potentialAction":[{"@type":"ReadAction","target":["https:\/\/www.chocolatestheocr.com\/faq\/"]}]},{"@type":"BreadcrumbList","@id":"https:\/\/www.chocolatestheocr.com\/faq\/#breadcrumb","itemListElement":[{"@type":"ListItem","position":1,"name":"Portada","item":"https:\/\/www.chocolatestheocr.com\/"},{"@type":"ListItem","position":2,"name":"Preguntas FAQ&#8217;s"}]},{"@type":"WebSite","@id":"https:\/\/www.chocolatestheocr.com\/#website","url":"https:\/\/www.chocolatestheocr.com\/","name":"Chocolates Theo","description":"","publisher":{"@id":"https:\/\/www.chocolatestheocr.com\/#organization"},"potentialAction":[{"@type":"SearchAction","target":{"@type":"EntryPoint","urlTemplate":"https:\/\/www.chocolatestheocr.com\/?s={search_term_string}"},"query-input":{"@type":"PropertyValueSpecification","valueRequired":true,"valueName":"search_term_string"}}],"inLanguage":"en-US"},{"@type":"Organization","@id":"https:\/\/www.chocolatestheocr.com\/#organization","name":"Chocolates Theo","url":"https:\/\/www.chocolatestheocr.com\/","logo":{"@type":"ImageObject","inLanguage":"en-US","@id":"https:\/\/www.chocolatestheocr.com\/#\/schema\/logo\/image\/","url":"https:\/\/www.chocolatestheocr.com\/wp-content\/uploads\/2021\/10\/Logo-Chocolates-Theo.jpg","contentUrl":"https:\/\/www.chocolatestheocr.com\/wp-content\/uploads\/2021\/10\/Logo-Chocolates-Theo.jpg","width":600,"height":600,"caption":"Chocolates Theo"},"image":{"@id":"https:\/\/www.chocolatestheocr.com\/#\/schema\/logo\/image\/"},"sameAs":["https:\/\/www.facebook.com\/chocolatestheocr","https:\/\/www.instagram.com\/chocolates_theo\/","https:\/\/www.youtube.com\/channel\/UCcgAI69rswAd2FY1Ubvmcxw"]}]}},"_links":{"self":[{"href":"https:\/\/www.chocolatestheocr.com\/en\/wp-json\/wp\/v2\/pages\/12","targetHints":{"allow":["GET"]}}],"collection":[{"href":"https:\/\/www.chocolatestheocr.com\/en\/wp-json\/wp\/v2\/pages"}],"about":[{"href":"https:\/\/www.chocolatestheocr.com\/en\/wp-json\/wp\/v2\/types\/page"}],"author":[{"embeddable":true,"href":"https:\/\/www.chocolatestheocr.com\/en\/wp-json\/wp\/v2\/users\/1"}],"replies":[{"embeddable":true,"href":"https:\/\/www.chocolatestheocr.com\/en\/wp-json\/wp\/v2\/comments?post=12"}],"version-history":[{"count":0,"href":"https:\/\/www.chocolatestheocr.com\/en\/wp-json\/wp\/v2\/pages\/12\/revisions"}],"wp:attachment":[{"href":"https:\/\/www.chocolatestheocr.com\/en\/wp-json\/wp\/v2\/media?parent=12"}],"curies":[{"name":"wp","href":"https:\/\/api.w.org\/{rel}","templated":true}]}}